{"id":85,"date":"2015-07-27T14:46:42","date_gmt":"2015-07-27T14:46:42","guid":{"rendered":"http:\/\/ghislaine-faure.fr\/?page_id=85"},"modified":"2025-04-28T15:48:25","modified_gmt":"2025-04-28T15:48:25","slug":"soins-energetiques","status":"publish","type":"page","link":"https:\/\/ghislaine-faure.fr\/?page_id=85","title":{"rendered":"Soins \u00e9nerg\u00e9tiques"},"content":{"rendered":"<p><span style=\"color: #ff0000;\"><strong><span style=\"text-decoration: underline;\">ATTENTION<\/span><\/strong><\/span><span style=\"color: #0000ff;\"><span style=\"color: #ff0000;\"><strong>: Les soins propos\u00e9s ne remplacent en aucune fa\u00e7on un traitement m\u00e9dicamenteux prescrit par le corps m\u00e9dical.<\/strong><\/span><br><\/span><\/p>\n<p><strong><span style=\"color: #0000ff;\"><a href=\"http:\/\/ghislaine-faure.fr\/wp-content\/uploads\/2015\/07\/FB_IMG_14413593914531.jpg\"><img loading=\"lazy\" class=\"wp-image-213 size-medium alignright\" src=\"http:\/\/ghislaine-faure.fr\/wp-content\/uploads\/2015\/07\/FB_IMG_14413593914531-300x300.jpg\" alt=\"\" width=\"300\" height=\"300\" srcset=\"https:\/\/ghislaine-faure.fr\/wp-content\/uploads\/2015\/07\/FB_IMG_14413593914531-300x300.jpg 300w, https:\/\/ghislaine-faure.fr\/wp-content\/uploads\/2015\/07\/FB_IMG_14413593914531-150x150.jpg 150w, https:\/\/ghislaine-faure.fr\/wp-content\/uploads\/2015\/07\/FB_IMG_14413593914531-400x400.jpg 400w, https:\/\/ghislaine-faure.fr\/wp-content\/uploads\/2015\/07\/FB_IMG_14413593914531.jpg 432w\" sizes=\"(max-width: 300px) 100vw, 300px\" \/><\/a><\/span><\/strong><span style=\"color: #008000;\"><em>Comment travaille-t-on en \u00e9nerg\u00e9tique?<\/em><\/span><\/p>\n<p><span style=\"color: #800080;\"><em>Dans l&#8217;univers, tout est \u00e9nergie&#8230; Tout bouge&#8230;.<\/em><\/span><\/p>\n<p><span style=\"color: #800080;\"><em>Nous sommes entour\u00e9s de flux, nous recevons et \u00e9mettons des ondes..<\/em><\/span><\/p>\n<p><span style=\"color: #800080;\"><em>Le moindre objet que nous percevons &#8220;inanim\u00e9&#8221; est en perp\u00e9tuel mouvement&#8230;<\/em><\/span><\/p>\n<p><span style=\"color: #993300;\"><em>Depuis des mill\u00e9naires, que ce soit chez les Chinois, chez les am\u00e9rindiens, dans les peuplades du moyen Orient et d&#8217;Afrique, les &#8220;gu\u00e9risseurs&#8221; connaissaient ces carrefours d&#8217;\u00e9nergie \u00e0 l&#8217;int\u00e9rieur du corps humain et s&#8217;en servaient pour soigner.<\/em><\/span><\/p>\n<p><span style=\"color: #993300;\"><em>Pour prendre l&#8217;exemple des chinois, ils appelaient cette \u00e9nergie &#8220;chi&#8221; ou &#8220;ki&#8221;..Ils ont bas\u00e9 leur m\u00e9decine sur le d\u00e9blocage de ces \u00e9nergies dites &#8220;fig\u00e9es&#8221;&nbsp; responsables de maladies. Ainsi, &nbsp;avaient-ils localis\u00e9 dans le corps humain une multitude de ces carrefours d&#8217; \u00e9nergie. <\/em><\/span><\/p>\n<p><span style=\"color: #993300;\"><em>Ils se sont aper\u00e7us qu&#8217;en piquant \u00e0 l&#8217; aide d&#8217;aiguilles en or ou argent certains de ces points, ils arrivaient \u00e0&nbsp;d\u00e9bloquer cette \u00e9nergie stagnante et remettre en route ce circuit sans rupture. <\/em><\/span><\/p>\n<p><span style=\"color: #800080;\"><em>C&#8217; est en quelque sorte, comme un \u00e9lectricien qui r\u00e9pare les fils d&#8217;un circuit \u00e9lectrique qui aurait subi un court-circuit et qui remettrait le r\u00e9seau en marche en r\u00e9tablissant le circuit conducteur d&#8217;\u00e9lectricit\u00e9<\/em><\/span><\/p>\n<p><span style=\"color: #008080;\"><em>Ainsi \u00e9tait n\u00e9e, l&#8217;acupuncture. <\/em><\/span><\/p>\n<p><em>Je pratique en cabinet cette acupression appel\u00e9e digitopression notament pour \u00e9tayer mon travail si besoin \u00e9tait.<\/em><\/p>\n<p><em><a href=\"http:\/\/ghislaine-faure.fr\/wp-content\/uploads\/2015\/07\/EFT.jpe\"><img loading=\"lazy\" src=\"http:\/\/ghislaine-faure.fr\/wp-content\/uploads\/2015\/07\/EFT.jpe\" alt=\"EFT\" width=\"225\" height=\"225\"><\/a><span style=\"color: #993366;\"><strong>L&#8217; EFT ou Emotional Freedom Technic ( libration des \u00e9motions)<\/strong><\/span><\/em><\/p>\n<p><span style=\"color: #993300;\"><em>Va permettre, \u00e0 la fois par le&nbsp;tapotement de certains points pr\u00e9cis du corps et&nbsp;certains mouvements occulaires, &nbsp;le d\u00e9blocage instantan\u00e9 de certaines&nbsp;tensions \u00e9motionnelles et pourra&nbsp; r\u00e9tablir un flot fluide de votre \u00e9nergie. <\/em><\/span><\/p>\n<p><span style=\"color: #993300;\"><em>Cette technique sera utilis\u00e9e pour faire tomber&nbsp;imm\u00e9diatement une \u00e9motion vous impactant.<\/em><\/span><\/p>\n<p><span style=\"color: #993366;\"><strong><em>L&#8217;EMDR \ud83d\ude41 Eye Movement-Desensibization and Reprocessing) en fran\u00e7ais D\u00e9sensibilisation et retraitement par des mouvements oculaires<\/em><\/strong><\/span><\/p>\n<p><span style=\"color: #993300;\"><em>Cette th\u00e9rapie, par des mouvements oculaires, des stimuli autitifs ou cutan\u00e9s va vous permettre de d\u00e9sensibiliser, d&#8217;effacer de votre conscient et inconscient, &nbsp;des \u00e9v\u00e8nements douloureux et traumatisant du pass\u00e9&nbsp; &nbsp;.<\/em><\/span><\/p>\n<p><span style=\"color: #993300;\"><em>C&#8217;est une m\u00e9thode simple rapide et efficace, accessible \u00e0 tous sans contre indication.<\/em><\/span><\/p>\n<p><em><a href=\"http:\/\/ghislaine-faure.fr\/wp-content\/uploads\/2015\/07\/logosynth\u00e8se.jpe\"><img loading=\"lazy\" src=\"http:\/\/ghislaine-faure.fr\/wp-content\/uploads\/2015\/07\/logosynth\u00e8se.jpe\" alt=\"logosynth\u00e8se\" width=\"225\" height=\"225\"><\/a><strong><span style=\"color: #993366;\">LA LOGO-SYNTHESE<\/span><\/strong><\/em><\/p>\n<p><span style=\"color: #993300;\"><em>La logo synth\u00e8se est une autre fa\u00e7on de r\u00e9tablir un flux \u00e9nerg\u00e9tique dans le corps.<\/em><\/span><\/p>\n<p><span style=\"color: #993300;\"><em>Certaines \u00e9motions congel\u00e9es en&nbsp; certains points du corps et de l&#8217; esprit vont \u00eatre responsables d &#8216;un certain mal \u00eatre. <\/em><\/span><\/p>\n<p><span style=\"color: #993300;\"><em>Il s&#8217;agit, par la force des mots, de remettre l&#8217; \u00e9nergie \u00e0 sa juste place, simplement en r\u00e9p\u00e9tant 3 phrases&nbsp; que j&#8217;aurai d\u00e9finies avec soin en \u00e9coutant votre discours.<\/em><\/span><\/p>\n<p><span style=\"color: #993300;\"><em><a style=\"color: #993300;\" href=\"http:\/\/ghislaine-faure.fr\/wp-content\/uploads\/2015\/07\/ob_844ba8_cercle-chromatique.jpg\"><img loading=\"lazy\" src=\"http:\/\/ghislaine-faure.fr\/wp-content\/uploads\/2015\/07\/ob_844ba8_cercle-chromatique-300x300.jpg\" alt=\"ob_844ba8_cercle-chromatique\" width=\"300\" height=\"300\"><\/a><\/em><\/span><\/p>\n<p><span style=\"color: #993366;\"><strong><em>LA CHROMO-THERAPIE:<\/em><\/strong><\/span><\/p>\n<p><span style=\"color: #993300;\"><em>Quelque soit votre soin,&nbsp;il sera soutenu en cabinet par une lampe de chromoth\u00e9rapie&nbsp;. Je choisirai la couleur adapt\u00e9e \u00e0 votre \u00e9tat \u00e0 l&#8217;instantT<\/em><\/span><\/p>\n<p><span style=\"color: #993300;\"><em>Comme nous l&#8217;avons vu au dessus, nous sommes \u00e9metteur et r\u00e9cepteur d&#8217;ondes donc d&#8217;\u00e9nergie. <\/em><\/span><\/p>\n<p><span style=\"color: #993300;\"><em>Certains carrefours d \u00e9nergie se situent en diff\u00e9rents points de notre corps. <\/em><\/span><\/p>\n<p><span style=\"color: #993300;\"><em>Nous en avons 7 principaux appel\u00e9s chakras.<\/em><\/span><\/p>\n<p><span style=\"color: #993300;\"><em>Les chercheurs se sont aper\u00e7us que ces chakras avaient chacun une \u00e9mission d&#8217;ondes correspondant \u00e0 celles de radiations de couleurs. <\/em><\/span><\/p>\n<p><span style=\"color: #993300;\"><em>Ainsi a-t-on attribu\u00e9 ces couleurs \u00e0 nos 7 chakras principaux :<\/em><\/span><\/p>\n<ul>\n<li><em><span style=\"color: #ff0000;\">rouge<\/span> <span style=\"color: #993300;\">pour le premier chakra<\/span><\/em><\/li>\n<li><em><span style=\"color: #ff6600;\">orange<\/span> <span style=\"color: #993300;\">pour le second<\/span><\/em><\/li>\n<li><em><span style=\"color: #ffcc00;\">jaune<\/span> <span style=\"color: #993300;\">pour le troisi\u00e8me<\/span><\/em><\/li>\n<li><em><span style=\"color: #008000;\">vert<\/span> <span style=\"color: #993300;\">pour le quatri\u00e8me<\/span><\/em><\/li>\n<li><em><span style=\"color: #3366ff;\">bleu ciel<\/span> <span style=\"color: #993300;\">pour le cinqui\u00e8me<\/span><\/em><\/li>\n<li><em><span style=\"color: #2d0ccf;\">bleu indigo<\/span> <span style=\"color: #993300;\">pour le sixi\u00e8me<\/span><\/em><\/li>\n<li><em><span style=\"color: #5911cf;\">violet <\/span><span style=\"color: #993300;\">pour le septi\u00e8me<\/span><\/em><\/li>\n<\/ul>\n<p><em>E<span style=\"color: #993300;\">n travaillant sur la couleur,&nbsp;Nous allons pouvoir nettoyer et r\u00e9-\u00e9nergiser ces chakras apportant ainsi &nbsp;bien \u00eatre et s\u00e9r\u00e9nit\u00e9<\/span><\/em><\/p>\n<p><\/p>\n<p><strong><span style=\"color: #993366;\"><em>LA LITHOTHERAPIE:<\/em><\/span><\/strong><\/p>\n<p><span style=\"color: #993300;\"><em>Va allier les bienfaits que les&nbsp;pierres pourront vous apporter par leur propre vibration et&nbsp;&nbsp;leur couleur.<\/em><\/span><\/p>\n\n\n<figure class=\"wp-block-image size-large\"><a href=\"https:\/\/ghislaine-faure.fr\/wp-content\/uploads\/2021\/01\/pierres-semi-precieuses.gif\"><img loading=\"lazy\" width=\"840\" height=\"420\" src=\"https:\/\/ghislaine-faure.fr\/wp-content\/uploads\/2021\/01\/pierres-semi-precieuses.gif\" alt=\"\" class=\"wp-image-978\"\/><\/a><\/figure>\n\n\n\n<p><\/p>\n\n\n\n<div class=\"wp-block-buttons\">\n<div class=\"wp-block-button\"><a class=\"wp-block-button__link\" href=\"https:\/\/ghislaine-faure.fr\/?page_id=1266&amp;idFamille=505323\"><span class=\"has-inline-color has-white-color\">R\u00e9servez votre soin \u00e9nerg\u00e9tique<\/span><\/a><\/div>\n<\/div>\n\n\n\n<p><\/p>\n","protected":false},"excerpt":{"rendered":"<p>ATTENTION: Les soins propos\u00e9s ne remplacent en aucune fa\u00e7on un traitement m\u00e9dicamenteux prescrit par le corps m\u00e9dical. Comment travaille-t-on en \u00e9nerg\u00e9tique? Dans l&#8217;univers, tout est \u00e9nergie&#8230; Tout bouge&#8230;. Nous sommes [&hellip;]<\/p>\n","protected":false},"author":1,"featured_media":0,"parent":77,"menu_order":0,"comment_status":"closed","ping_status":"open","template":"","meta":[],"_links":{"self":[{"href":"https:\/\/ghislaine-faure.fr\/index.php?rest_route=\/wp\/v2\/pages\/85"}],"collection":[{"href":"https:\/\/ghislaine-faure.fr\/index.php?rest_route=\/wp\/v2\/pages"}],"about":[{"href":"https:\/\/ghislaine-faure.fr\/index.php?rest_route=\/wp\/v2\/types\/page"}],"author":[{"embeddable":true,"href":"https:\/\/ghislaine-faure.fr\/index.php?rest_route=\/wp\/v2\/users\/1"}],"replies":[{"embeddable":true,"href":"https:\/\/ghislaine-faure.fr\/index.php?rest_route=%2Fwp%2Fv2%2Fcomments&post=85"}],"version-history":[{"count":27,"href":"https:\/\/ghislaine-faure.fr\/index.php?rest_route=\/wp\/v2\/pages\/85\/revisions"}],"predecessor-version":[{"id":1282,"href":"https:\/\/ghislaine-faure.fr\/index.php?rest_route=\/wp\/v2\/pages\/85\/revisions\/1282"}],"up":[{"embeddable":true,"href":"https:\/\/ghislaine-faure.fr\/index.php?rest_route=\/wp\/v2\/pages\/77"}],"wp:attachment":[{"href":"https:\/\/ghislaine-faure.fr\/index.php?rest_route=%2Fwp%2Fv2%2Fmedia&parent=85"}],"curies":[{"name":"wp","href":"https:\/\/api.w.org\/{rel}","templated":true}]}}