{"id":81,"date":"2015-07-27T15:00:57","date_gmt":"2015-07-27T15:00:57","guid":{"rendered":"http:\/\/ghislaine-faure.fr\/?page_id=81"},"modified":"2021-02-10T20:58:32","modified_gmt":"2021-02-10T20:58:32","slug":"sophro","status":"publish","type":"page","link":"https:\/\/ghislaine-faure.fr\/?page_id=81","title":{"rendered":"Sophrologie et Sophro-analyse"},"content":{"rendered":"<p><a href=\"http:\/\/ghislaine-faure.fr\/wp-content\/uploads\/2015\/07\/image-Sophro.jpg\"><img loading=\"lazy\" class=\"size-full wp-image-278 aligncenter\" src=\"http:\/\/ghislaine-faure.fr\/wp-content\/uploads\/2015\/07\/image-Sophro.jpg\" alt=\"image Sophro\" width=\"196\" height=\"190\" \/><\/a><span style=\"color: #3366ff;\">\u00a0<\/span><\/p>\n<h4><span style=\"color: #339966;\">Offre sp\u00e9ciale ETUDIANT CMU RSA: s\u00e9ance 36 \u20ac<\/span><\/h4>\n<p><span style=\"color: #800080;\"><em>Mais qu&#8217;est ce que la sophrologie?<\/em><\/span><\/p>\n<p><span style=\"color: #993300;\"><em>La Sophrologie est une discipline mise au point\u00a0 par le Professeur\u00a0Alfonso Caycedo dans les ann\u00e9es 1960 .<\/em><\/span><\/p>\n<p><span style=\"color: #993300;\"><em>Ethymologiquement parlant, le mot sophrologie vient du grec\u00a0 <span lang=\"grc-latn\">s\u00f4s<\/span> \u00ab\u00a0bien portant\u00a0\u00bb <span lang=\"grc-latn\">phr\u1ebfn<\/span> \u00ab\u00a0conscience\u00a0\u00bb et <span lang=\"grc-latn\">log\u00eda<\/span> \u00ab\u00a0\u00e9tude\u00a0\u00bb<\/em><\/span><\/p>\n<p><span style=\"color: #800080;\"><em>Il s&#8217;agit de l&#8217;\u00e9tude de la conscience afin de\u00a0ma\u00eetriser un \u00e9quilibre corps &#8211; esprit<\/em><\/span><\/p>\n<p><span style=\"color: #993300;\"><em>Cette m\u00e9thode de soin est bas\u00e9e sur des exercices de respiration, de relaxation, de positionnement du corps \u00e0 la fois dans l&#8217;espace physique mais aussi dans l&#8217;espace temps et de visualisation positive. Cette pratique va amener le sujet \u00e0 positiver, \u00e0 trouver en lui ses \u00e9l\u00e9ments &#8220;ressource&#8221; afin d&#8217;aborder et de g\u00e9rer dans la s\u00e9r\u00e9nit\u00e9 des situations difficiles du pr\u00e9sent, \u00e0\u00a0 positionner son esprit afin d&#8217;\u00eatre dans l&#8217;acceptation du pass\u00e9 tout en lui\u00a0 enseignant \u00e0 se centrer sur lui-m\u00eame . Par cet apprentissage il appr\u00e9hendera son futur avec confiance et\u00a0 s\u00e9r\u00e9nit\u00e9.<\/em><\/span><\/p>\n<p><span style=\"color: #800080;\"><em>Les mouvements se font\u00a0en position: assise, debout ou allong\u00e9e.<\/em><\/span><\/p>\n<p><strong><span style=\"color: #008000;\"><em>La sophro-analyse: \u00a0la compr\u00e9hension<\/em><\/span><\/strong><\/p>\n<p><span style=\"color: #993300;\"><em>Cette technique a pour but d&#8217;aller rechercher dans vos m\u00e9moires anciennes peut-\u00eatre m\u00eame dans vos m\u00e9moires cellulaires l&#8217;origine de vos maux, par vos propres mots et lib\u00e9rer votre corps de ce poids que vous portez depuis de nombreuses ann\u00e9es et peut-\u00eatre de nombreuses g\u00e9n\u00e9rations sans m\u00eame vous en rendre compte. J&#8217;utilise des outils tel que l&#8217;EFT ou la logosynth\u00e8se pour &#8220;laver&#8221; \u00a0et faire &#8220;l\u00e2cher&#8221; ce pass\u00e9 \u00e9prouvant afin de\u00a0vous permettre d&#8217;aborder votre futur d&#8217;une fa\u00e7on sereine et positive.\u00a0<\/em><\/span><a href=\"http:\/\/ghislaine-faure.fr\/wp-content\/uploads\/2015\/03\/IMG_27425966553393.jpeg\"><img loading=\"lazy\" class=\"size-medium wp-image-12 aligncenter\" src=\"http:\/\/ghislaine-faure.fr\/wp-content\/uploads\/2015\/03\/IMG_27425966553393-300x187.jpeg\" alt=\"IMG_27425966553393\" width=\"300\" height=\"187\" srcset=\"https:\/\/ghislaine-faure.fr\/wp-content\/uploads\/2015\/03\/IMG_27425966553393-300x187.jpeg 300w, https:\/\/ghislaine-faure.fr\/wp-content\/uploads\/2015\/03\/IMG_27425966553393.jpeg 450w\" sizes=\"(max-width: 300px) 100vw, 300px\" \/><\/a><\/p>\n<div id=\"mailtorapidetoPopupModal\" style=\"z-index: 1;\">\n<div id=\"mailtorapidemailTo\"><\/div>\n<\/div>\n","protected":false},"excerpt":{"rendered":"<p>\u00a0 Offre sp\u00e9ciale ETUDIANT CMU RSA: s\u00e9ance 36 \u20ac Mais qu&#8217;est ce que la sophrologie? La Sophrologie est une discipline mise au point\u00a0 par le Professeur\u00a0Alfonso Caycedo dans les ann\u00e9es [&hellip;]<\/p>\n","protected":false},"author":1,"featured_media":0,"parent":77,"menu_order":0,"comment_status":"closed","ping_status":"open","template":"","meta":[],"_links":{"self":[{"href":"https:\/\/ghislaine-faure.fr\/index.php?rest_route=\/wp\/v2\/pages\/81"}],"collection":[{"href":"https:\/\/ghislaine-faure.fr\/index.php?rest_route=\/wp\/v2\/pages"}],"about":[{"href":"https:\/\/ghislaine-faure.fr\/index.php?rest_route=\/wp\/v2\/types\/page"}],"author":[{"embeddable":true,"href":"https:\/\/ghislaine-faure.fr\/index.php?rest_route=\/wp\/v2\/users\/1"}],"replies":[{"embeddable":true,"href":"https:\/\/ghislaine-faure.fr\/index.php?rest_route=%2Fwp%2Fv2%2Fcomments&post=81"}],"version-history":[{"count":21,"href":"https:\/\/ghislaine-faure.fr\/index.php?rest_route=\/wp\/v2\/pages\/81\/revisions"}],"predecessor-version":[{"id":1132,"href":"https:\/\/ghislaine-faure.fr\/index.php?rest_route=\/wp\/v2\/pages\/81\/revisions\/1132"}],"up":[{"embeddable":true,"href":"https:\/\/ghislaine-faure.fr\/index.php?rest_route=\/wp\/v2\/pages\/77"}],"wp:attachment":[{"href":"https:\/\/ghislaine-faure.fr\/index.php?rest_route=%2Fwp%2Fv2%2Fmedia&parent=81"}],"curies":[{"name":"wp","href":"https:\/\/api.w.org\/{rel}","templated":true}]}}