{"id":77,"date":"2015-07-27T14:31:43","date_gmt":"2015-07-27T14:31:43","guid":{"rendered":"http:\/\/ghislaine-faure.fr\/?page_id=77"},"modified":"2025-10-20T19:26:24","modified_gmt":"2025-10-20T19:26:24","slug":"mes-techniques","status":"publish","type":"page","link":"https:\/\/ghislaine-faure.fr\/?page_id=77","title":{"rendered":"Mes techniques"},"content":{"rendered":"<p style=\"text-align: center;\"><a href=\"http:\/\/ghislaine-faure.fr\/wp-content\/uploads\/2015\/07\/Tulips.jpg\"><img loading=\"lazy\" class=\"alignnone size-medium wp-image-364\" src=\"http:\/\/ghislaine-faure.fr\/wp-content\/uploads\/2015\/07\/Tulips-300x225.jpg\" alt=\"Tulips\" width=\"300\" height=\"225\" srcset=\"https:\/\/ghislaine-faure.fr\/wp-content\/uploads\/2015\/07\/Tulips-300x225.jpg 300w, https:\/\/ghislaine-faure.fr\/wp-content\/uploads\/2015\/07\/Tulips.jpg 1024w, https:\/\/ghislaine-faure.fr\/wp-content\/uploads\/2015\/07\/Tulips-400x300.jpg 400w\" sizes=\"(max-width: 300px) 100vw, 300px\" \/><\/a><\/p>\n<h2 style=\"text-align: left;\"><a href=\"https:\/\/www.facebook.com\/Ghislaine-Faure-Delomel-1448730495343812\/timeline\/\" target=\"_blank\" rel=\"noopener noreferrer\"><img loading=\"lazy\" class=\"size-full wp-image-299 alignright\" src=\"http:\/\/ghislaine-faure.fr\/wp-content\/uploads\/2015\/03\/fb-art-e1443166679795.jpg\" alt=\"fb-art\" width=\"60\" height=\"60\" \/><\/a><\/h2>\n<p><em><span style=\"color: #008000;\"><strong>APPRENEZ A RESPIRER ! <\/strong><\/span><\/em><\/p>\n<p><em><span style=\"color: #800080;\">C&#8217;est parce que VOUS \u00eates un \u00eatre unique,<\/span> <span style=\"color: #993300;\">qu\u2019il faut d\u00e9cider ensemble de la m\u00e9thode de soin la plus adapt\u00e9e \u00e0 votre personnalit\u00e9 et \u00e0 votre demande.<\/span><\/em><\/p>\n<p><span style=\"color: #993300;\"><em>Afin de vous aider au mieux pour vous lib\u00e9rer totalement de vos probl\u00e9matiques ( addictions, peurs, stress, d\u00e9prime, douleurs,kilos superflus, Tics, Tocs, acceptation de la s\u00e9paration, du deuil, des compulsions de vos allergies&#8230;), j&#8217;ai opt\u00e9 pour un large panel de th\u00e9rapies br\u00e8ves.<\/em><\/span><\/p>\n<p><span style=\"color: #800080;\"><em>Mais qu&#8217;est ce qu&#8217;une th\u00e9rapie br\u00e8ve?<\/em><\/span><br \/><span style=\"color: #993300;\"><em>Comme son nom l&#8217;indique, ces th\u00e9rapies br\u00e8ves apportent soulagement et bien-\u00eatre d\u00e8s la premi\u00e8re s\u00e9ance car\u00a0nous nous\u00a0attaquerons directement au sympt\u00f4me afin de le diminuer.\u00a0<\/em><\/span><\/p>\n<p><span style=\"color: #993300;\"><em>Par la suite , les s\u00e9ances compl\u00e9mentaires feront petit \u00e0 petit une consolidation de ce mieux aller.\u00a0<\/em><\/span><\/p>\n<p><span style=\"color: #008000;\"><em> Je vous laisse d\u00e9couvrir les th\u00e9rapies br\u00e8ves que je vous propose, en suivant les liens ci-dessous:<\/em><\/span><\/p>\n<ul>\n<li><em><a href=\"http:\/\/ghislaine-faure.fr\/?page_id=47\"><span style=\"color: #008000;\"><span style=\"color: #800080;\">Hypnose<\/span><\/span><\/a><\/em><\/li>\n<li><span style=\"color: #800080;\"><em><a style=\"color: #800080;\" href=\"http:\/\/ghislaine-faure.fr\/?page_id=81\">Sophrologie<\/a><\/em><\/span><\/li>\n<li><span style=\"color: #800080;\"><em><a style=\"color: #800080;\" href=\"http:\/\/ghislaine-faure.fr\/?page_id=85\">Soins \u00e9nerg\u00e9tiques, EFT, logosynth\u00e8se et chromoth\u00e9rapie<\/a><\/em><\/span><\/li>\n<li><span style=\"color: #800080;\"><a style=\"color: #800080;\" href=\"https:\/\/ghislaine-faure.fr\/?page_id=446\"><em>soins par le toucher: <\/em><\/a><\/span><\/li>\n<li><span style=\"color: #800080;\"><a style=\"color: #800080;\" href=\"https:\/\/ghislaine-faure.fr\/?page_id=446\"><em>r\u00e9flexologie<\/em><\/a><\/span><\/li>\n<li><span style=\"color: #800080;\"><a style=\"color: #800080;\" href=\"https:\/\/ghislaine-faure.fr\/?page_id=446\"><em>Shiatsu, <\/em><\/a><\/span><\/li>\n<li><span style=\"color: #800080;\"><a style=\"color: #800080;\" href=\"https:\/\/ghislaine-faure.fr\/?page_id=446\"><em>access bars<\/em><\/a><\/span><\/li>\n<li><em><a href=\"https:\/\/ghislaine-faure.fr\/?page_id=118\"><span style=\"color: #993366;\"><span style=\"color: #800080;\">hypnose spirituelle<\/span><\/span><\/a><\/em><\/li>\n<li><a href=\"https:\/\/ghislaine-faure.fr\/?page_id=580\"><em><span style=\"color: #993366;\">analyse transg\u00e9n\u00e9rationnelle<\/span><\/em><\/a><\/li>\n<li><a href=\"https:\/\/ghislaine-faure.fr\/?page_id=705\"><span style=\"color: #993366;\"><em>constellations familiales<\/em><\/span><\/a><\/li>\n<li><a href=\"https:\/\/ghislaine-faure.fr\/?page_id=446\"><em><span style=\"color: #800080;\">m\u00e9thode Knaps: manipulation du corps lib\u00e9ration des douleurs musculo-squelettiques<\/span><\/em><\/a><\/li>\n<\/ul>\n<p><span style=\"color: #993300;\"><em>Notre\u00a0travail\u00a0sera peut-\u00eatre amen\u00e9 \u00e0 \u00eatre accompagn\u00e9 par la prise d&#8217;Elexirs floraux:\u00a0les&#8221;fleurs de Bach&#8221; pour \u00eatre soutenu.<\/em><\/span><\/p>\n<h5><span style=\"color: #008000;\"><em>Qu&#8217;est-ce que les fleurs de Bach?<\/em><\/span><\/h5>\n<p><span style=\"color: #993300;\"><em>Les quintessences des fleurs de Bach:<\/em><\/span><\/p>\n<p><span style=\"color: #993300;\"><em>Le Docteur Bach, m\u00e9decin anglais, a d\u00e9couvert dans les ann\u00e9es 1930 que certaines fleurs \u00e9taient en correspondance avec une \u00e9motion et un \u00e9tat d&#8217;esprit particulier. Il a mis au point 38 \u00e9lexirs \u00e9labor\u00e9s \u00e0 base de fleurs, d&#8217;arbres et de fleurs sauvages qui sont appel\u00e9s des harmonisants.<\/em><\/span><\/p>\n<p><strong><span style=\"color: #008000;\"><em>Comment ces fleurs agissent-elles?<\/em><\/span><\/strong><\/p>\n<p><span style=\"color: #993300;\"><em>Quel que soient la maladie\u00a0et les\u00a0sympt\u00f4mes, les fleurs de Bach\u00a0auront une action sur votre \u00e9tat \u00e9motionnel.<\/em><\/span><\/p>\n<p><span style=\"color: #993300;\"><em>En cons\u00e9qaence, elles permettent \u00e0 chacun de traverser des p\u00e9riodes difficiles tant sur le plan personnel, familial, professionnel que relationnel.<\/em><\/span><\/p>\n<p><span style=\"color: #800080;\"><em>Les Fleurs de Bach sont une aide pr\u00e9cieuse qui vont pouvoir consolider mon travail afin de g\u00e9rer vos \u00e9motions en douceur et vous permettront de vous sentir en accord avec votre vie et vous aider \u00e0 retrouver votre paix int\u00e9rieure.<\/em><\/span><\/p>\n<p><span style=\"color: #008000;\"><strong><em>A qui s&#8217;adressent-elles exactement?<\/em><\/strong><\/span><\/p>\n<p><span style=\"color: #993300;\"><em>Et bien \u00e0\u00a0tout le monde sans exception&#8230;\u00a0des plus petits aux plus grands, aux personnes \u00e2g\u00e9es et aux femmes enceintes.<\/em><\/span><\/p>\n<p><span style=\"color: #993300;\"><em>Certains laboratoires travaillent avec des supports non alcoolis\u00e9s qui seront donc plus facilement conseill\u00e9s pour\u00a0certains de vous.<\/em><\/span><\/p>\n\n\n<div class=\"wp-block-image\"><figure class=\"aligncenter size-large\"><a href=\"https:\/\/ghislaine-faure.fr\/wp-content\/uploads\/2021\/01\/fleurs-de-bach-utilisation-1.jpg\"><img loading=\"lazy\" width=\"480\" height=\"280\" src=\"https:\/\/ghislaine-faure.fr\/wp-content\/uploads\/2021\/01\/fleurs-de-bach-utilisation-1.jpg\" alt=\"\" class=\"wp-image-932\" srcset=\"https:\/\/ghislaine-faure.fr\/wp-content\/uploads\/2021\/01\/fleurs-de-bach-utilisation-1.jpg 480w, https:\/\/ghislaine-faure.fr\/wp-content\/uploads\/2021\/01\/fleurs-de-bach-utilisation-1-300x175.jpg 300w, https:\/\/ghislaine-faure.fr\/wp-content\/uploads\/2021\/01\/fleurs-de-bach-utilisation-1-400x233.jpg 400w\" sizes=\"(max-width: 480px) 100vw, 480px\" \/><\/a><\/figure><\/div>\n","protected":false},"excerpt":{"rendered":"<p>APPRENEZ A RESPIRER ! C&#8217;est parce que VOUS \u00eates un \u00eatre unique, qu\u2019il faut d\u00e9cider ensemble de la m\u00e9thode de soin la plus adapt\u00e9e \u00e0 votre personnalit\u00e9 et \u00e0 votre [&hellip;]<\/p>\n","protected":false},"author":1,"featured_media":0,"parent":0,"menu_order":0,"comment_status":"closed","ping_status":"open","template":"","meta":[],"_links":{"self":[{"href":"https:\/\/ghislaine-faure.fr\/index.php?rest_route=\/wp\/v2\/pages\/77"}],"collection":[{"href":"https:\/\/ghislaine-faure.fr\/index.php?rest_route=\/wp\/v2\/pages"}],"about":[{"href":"https:\/\/ghislaine-faure.fr\/index.php?rest_route=\/wp\/v2\/types\/page"}],"author":[{"embeddable":true,"href":"https:\/\/ghislaine-faure.fr\/index.php?rest_route=\/wp\/v2\/users\/1"}],"replies":[{"embeddable":true,"href":"https:\/\/ghislaine-faure.fr\/index.php?rest_route=%2Fwp%2Fv2%2Fcomments&post=77"}],"version-history":[{"count":30,"href":"https:\/\/ghislaine-faure.fr\/index.php?rest_route=\/wp\/v2\/pages\/77\/revisions"}],"predecessor-version":[{"id":1308,"href":"https:\/\/ghislaine-faure.fr\/index.php?rest_route=\/wp\/v2\/pages\/77\/revisions\/1308"}],"wp:attachment":[{"href":"https:\/\/ghislaine-faure.fr\/index.php?rest_route=%2Fwp%2Fv2%2Fmedia&parent=77"}],"curies":[{"name":"wp","href":"https:\/\/api.w.org\/{rel}","templated":true}]}}