{"id":705,"date":"2021-01-22T08:10:53","date_gmt":"2021-01-22T08:10:53","guid":{"rendered":"http:\/\/ghislaine-faure.fr\/?page_id=705"},"modified":"2021-02-27T09:05:37","modified_gmt":"2021-02-27T09:05:37","slug":"les-constellations-familiales-en-cabinet","status":"publish","type":"page","link":"https:\/\/ghislaine-faure.fr\/?page_id=705","title":{"rendered":"Les constellations familiales en cabinet"},"content":{"rendered":"\n<div class=\"wp-block-image is-style-rounded\"><figure class=\"aligncenter size-medium is-resized\"><a href=\"https:\/\/ghislaine-faure.fr\/wp-content\/uploads\/2021\/01\/20210130_081637-scaled-e1612212152737.jpg\"><img loading=\"lazy\" src=\"https:\/\/ghislaine-faure.fr\/wp-content\/uploads\/2021\/02\/20210130_081637-edited-3-300x188.jpg\" alt=\"\" class=\"wp-image-1023\" width=\"360\" height=\"226\" srcset=\"https:\/\/ghislaine-faure.fr\/wp-content\/uploads\/2021\/02\/20210130_081637-edited-3-300x188.jpg 300w, https:\/\/ghislaine-faure.fr\/wp-content\/uploads\/2021\/02\/20210130_081637-edited-3-1024x641.jpg 1024w, https:\/\/ghislaine-faure.fr\/wp-content\/uploads\/2021\/02\/20210130_081637-edited-3-768x481.jpg 768w, https:\/\/ghislaine-faure.fr\/wp-content\/uploads\/2021\/02\/20210130_081637-edited-3-1536x961.jpg 1536w, https:\/\/ghislaine-faure.fr\/wp-content\/uploads\/2021\/02\/20210130_081637-edited-3-2048x1282.jpg 2048w, https:\/\/ghislaine-faure.fr\/wp-content\/uploads\/2021\/02\/20210130_081637-edited-3-400x250.jpg 400w\" sizes=\"(max-width: 360px) 100vw, 360px\" \/><\/a><\/figure><\/div>\n\n\n\n<p>&#8220;<span style=\"color: #993300;\"><em>Les constellations familiales&#8221; est une m\u00e9thode de psychog\u00e9n\u00e9alogie qui va vous permettre de vous lib\u00e9rer de certaines probl\u00e9matiques familiales r\u00e9currentes et r\u00e9p\u00e9titives qui se mettent, \u00e0 votre insu, en travers de votre route et vous emp\u00eachent de vous accomplir.<\/em><\/span><\/p>\n\n\n\n<p><strong><span style=\"color: #339966;\"><em>On a tous remarqu\u00e9 que dans notre famille des faits, dates, divorces, accidents se r\u00e9p\u00e9taient in\u00e9luctablement.<\/em><\/span><\/strong><\/p>\n\n\n\n<p><span style=\"color: #800080;\"><em>Avec cette m\u00e9thode simple que je pratique en individuel ou en groupe, je vais vous aider \u00e0 vous d\u00e9lester du poids du pass\u00e9 et de vos a\u00efeux &#8230; interpellant non? vous allez pouvoir respirer et vous all\u00e9ger dans la bienveillance la plus <a style=\"color: #800080;\" href=\"_wp_link_placeholder\" data-wplink-edit=\"true\">totale<\/a> avec ce qui s&#8217;est jou\u00e9 \u00e0 un certain moment dans votre saga familiale &#8230;.<\/em><\/span><\/p>\n\n\n\n<div class=\"wp-block-columns\">\n<div class=\"wp-block-column is-vertically-aligned-top\" style=\"flex-basis:100%\">\n<div class=\"wp-block-columns\">\n<div class=\"wp-block-column\">\n<p><\/p>\n<\/div>\n\n\n\n<div class=\"wp-block-column\"><\/div>\n<\/div>\n<\/div>\n<\/div>\n\n\n\n<p><\/p>\n","protected":false},"excerpt":{"rendered":"<p>&#8220;Les constellations familiales&#8221; est une m\u00e9thode de psychog\u00e9n\u00e9alogie qui va vous permettre de vous lib\u00e9rer de certaines probl\u00e9matiques familiales r\u00e9currentes et r\u00e9p\u00e9titives qui se mettent, \u00e0 votre insu, en travers [&hellip;]<\/p>\n","protected":false},"author":1,"featured_media":0,"parent":77,"menu_order":0,"comment_status":"closed","ping_status":"closed","template":"","meta":[],"_links":{"self":[{"href":"https:\/\/ghislaine-faure.fr\/index.php?rest_route=\/wp\/v2\/pages\/705"}],"collection":[{"href":"https:\/\/ghislaine-faure.fr\/index.php?rest_route=\/wp\/v2\/pages"}],"about":[{"href":"https:\/\/ghislaine-faure.fr\/index.php?rest_route=\/wp\/v2\/types\/page"}],"author":[{"embeddable":true,"href":"https:\/\/ghislaine-faure.fr\/index.php?rest_route=\/wp\/v2\/users\/1"}],"replies":[{"embeddable":true,"href":"https:\/\/ghislaine-faure.fr\/index.php?rest_route=%2Fwp%2Fv2%2Fcomments&post=705"}],"version-history":[{"count":24,"href":"https:\/\/ghislaine-faure.fr\/index.php?rest_route=\/wp\/v2\/pages\/705\/revisions"}],"predecessor-version":[{"id":1158,"href":"https:\/\/ghislaine-faure.fr\/index.php?rest_route=\/wp\/v2\/pages\/705\/revisions\/1158"}],"up":[{"embeddable":true,"href":"https:\/\/ghislaine-faure.fr\/index.php?rest_route=\/wp\/v2\/pages\/77"}],"wp:attachment":[{"href":"https:\/\/ghislaine-faure.fr\/index.php?rest_route=%2Fwp%2Fv2%2Fmedia&parent=705"}],"curies":[{"name":"wp","href":"https:\/\/api.w.org\/{rel}","templated":true}]}}