{"id":685,"date":"2020-11-15T09:57:30","date_gmt":"2020-11-15T09:57:30","guid":{"rendered":"http:\/\/ghislaine-faure.fr\/?page_id=685"},"modified":"2021-02-06T17:19:44","modified_gmt":"2021-02-06T17:19:44","slug":"perte-de-poids-2","status":"publish","type":"page","link":"https:\/\/ghislaine-faure.fr\/?page_id=685","title":{"rendered":"Perte de poids"},"content":{"rendered":"\n<figure class=\"wp-block-image size-large is-resized\"><a href=\"https:\/\/ghislaine-faure.fr\/wp-content\/uploads\/2015\/07\/le-poids-un-facteur-de-stress-pour-les-femmes.jpg\"><img loading=\"lazy\" src=\"https:\/\/ghislaine-faure.fr\/wp-content\/uploads\/2021\/01\/le-poids-un-facteur-de-stress-pour-les-femmes-edited.jpg\" alt=\"\" class=\"wp-image-904\" width=\"320\" height=\"200\" srcset=\"https:\/\/ghislaine-faure.fr\/wp-content\/uploads\/2021\/01\/le-poids-un-facteur-de-stress-pour-les-femmes-edited.jpg 1280w, https:\/\/ghislaine-faure.fr\/wp-content\/uploads\/2021\/01\/le-poids-un-facteur-de-stress-pour-les-femmes-edited-300x187.jpg 300w, https:\/\/ghislaine-faure.fr\/wp-content\/uploads\/2021\/01\/le-poids-un-facteur-de-stress-pour-les-femmes-edited-1024x639.jpg 1024w, https:\/\/ghislaine-faure.fr\/wp-content\/uploads\/2021\/01\/le-poids-un-facteur-de-stress-pour-les-femmes-edited-768x479.jpg 768w, https:\/\/ghislaine-faure.fr\/wp-content\/uploads\/2021\/01\/le-poids-un-facteur-de-stress-pour-les-femmes-edited-400x250.jpg 400w\" sizes=\"(max-width: 320px) 100vw, 320px\" \/><\/a><\/figure>\n\n\n<p><strong><em><span style=\"color: #008000;\">SOS, Je veux maigrir&#8230;&#8230;&#8230;&#8230;&#8230;&#8221;<\/span><\/em><\/strong><\/p>\n<p><span style=\"color: #800080;\"><em>MINCIR, MINCIR, MINCIR et rester mince&#8230;..<\/em><\/span><\/p>\n<p><span style=\"color: #008000;\"><em>Un r\u00eave?&#8230;..Non &#8230;. Une r\u00e9alit\u00e9!<\/em><\/span><\/p>\n<p><em><span style=\"color: #993300;\">La m\u00e9thode que je propose pour mincir et rester mince, vous permet de perdre 3&#8230;5&#8230;10 kilos et plus, sans m\u00e9dicaments, sans r\u00e9gime r\u00e9barbatif, juste avec un certain apprentissage d&#8217;\u00e9coute&nbsp; et avec une garantie de dur\u00e9e dans le temps.<\/span><\/em><\/p>\n<p><span style=\"color: #993300;\"><em>Dans une s\u00e9ance pr\u00e9liminaire, nous d\u00e9ciderons ensemble du nombre de kilos que vous avez \u00e0 perdre en calculant votre IMC (indice de masse corporelle), en prenant en consid\u00e9ration votre \u00e2ge et votre ossature.<\/em><\/span><\/p>\n<p><span style=\"color: #800080;\"><em>Nous nous rencontrons pour &nbsp;des s\u00e9ances espac\u00e9es les unes des autres de&nbsp;3 semaines&nbsp;.<\/em><\/span><\/p>\n<p><span style=\"color: #993300;\"><em>Entre deux s\u00e9ances, vous pourrez constater une perte de poids significative sans privation mais en respectant&nbsp;4 r\u00e8gles d&#8217;or que je&nbsp;vous aurai donn\u00e9es d\u00e8s le d\u00e9but de votre parcours minceur .<\/em><\/span><\/p>\n<p><span style=\"color: #993300;\"><em>Une nouvelle vie commence pendant cette p\u00e9riode&nbsp; de&nbsp;perte de poids sans r\u00e9gime. Vous commencerez \u00e0&nbsp; ressentir un certain bien- \u00eatre dans votre&nbsp;corps devenant plus mince et plus svelte.<\/em><\/span><\/p>\n<p><span style=\"color: #008000;\"><em>Votre perte de poids favorisera, la protection de vos articulations et de votre c\u0153ur ainsi vous ne vous sentirez moins oppress\u00e9, moins essouffl\u00e9 &#8230; plus l\u00e9ger<\/em><\/span><\/p>\n<p><em><a href=\"http:\/\/ghislaine-faure.fr\/wp-content\/uploads\/2015\/03\/minceur-verte.jpg\"><img loading=\"lazy\" src=\"http:\/\/ghislaine-faure.fr\/wp-content\/uploads\/2015\/03\/minceur-verte-300x229.jpg\" alt=\"minceur verte\" width=\"240\" height=\"183\"><\/a><span style=\"color: #800080;\">MINCIR&nbsp;sans r\u00e9gime&#8230;. c&#8217;est possible !<\/span><\/em><\/p>\n<p><span style=\"color: #993300;\"><em>Mincir&nbsp;sans privation&#8230;..c&#8217;est un objectif r\u00e9alisable !<\/em><\/span><\/p>\n<p><span style=\"color: #993300;\"><em>Rester mince?&#8230;..&nbsp;Avec cette m\u00e9thode simple mais efficace&#8230;c&#8217;est \u00e0 100% gagnant&#8230;.<\/em><\/span><\/p>\n<p><span style=\"color: #008000;\"><em>Bienvenue dans l&#8217;univers des minces !!!<\/em><\/span><\/p>\n\n\n<p><\/p>\n","protected":false},"excerpt":{"rendered":"<p>SOS, Je veux maigrir&#8230;&#8230;&#8230;&#8230;&#8230;&#8221; MINCIR, MINCIR, MINCIR et rester mince&#8230;.. Un r\u00eave?&#8230;..Non &#8230;. Une r\u00e9alit\u00e9! La m\u00e9thode que je propose pour mincir et rester mince, vous permet de perdre 3&#8230;5&#8230;10 [&hellip;]<\/p>\n","protected":false},"author":1,"featured_media":0,"parent":187,"menu_order":2,"comment_status":"closed","ping_status":"closed","template":"","meta":[],"_links":{"self":[{"href":"https:\/\/ghislaine-faure.fr\/index.php?rest_route=\/wp\/v2\/pages\/685"}],"collection":[{"href":"https:\/\/ghislaine-faure.fr\/index.php?rest_route=\/wp\/v2\/pages"}],"about":[{"href":"https:\/\/ghislaine-faure.fr\/index.php?rest_route=\/wp\/v2\/types\/page"}],"author":[{"embeddable":true,"href":"https:\/\/ghislaine-faure.fr\/index.php?rest_route=\/wp\/v2\/users\/1"}],"replies":[{"embeddable":true,"href":"https:\/\/ghislaine-faure.fr\/index.php?rest_route=%2Fwp%2Fv2%2Fcomments&post=685"}],"version-history":[{"count":15,"href":"https:\/\/ghislaine-faure.fr\/index.php?rest_route=\/wp\/v2\/pages\/685\/revisions"}],"predecessor-version":[{"id":1099,"href":"https:\/\/ghislaine-faure.fr\/index.php?rest_route=\/wp\/v2\/pages\/685\/revisions\/1099"}],"up":[{"embeddable":true,"href":"https:\/\/ghislaine-faure.fr\/index.php?rest_route=\/wp\/v2\/pages\/187"}],"wp:attachment":[{"href":"https:\/\/ghislaine-faure.fr\/index.php?rest_route=%2Fwp%2Fv2%2Fmedia&parent=685"}],"curies":[{"name":"wp","href":"https:\/\/api.w.org\/{rel}","templated":true}]}}