{"id":589,"date":"2019-01-15T08:39:30","date_gmt":"2019-01-15T08:39:30","guid":{"rendered":"http:\/\/ghislaine-faure.fr\/?page_id=589"},"modified":"2021-02-02T08:17:08","modified_gmt":"2021-02-02T08:17:08","slug":"laccess-bars","status":"publish","type":"page","link":"https:\/\/ghislaine-faure.fr\/?page_id=589","title":{"rendered":"l&#8217;Access bars"},"content":{"rendered":"\n<figure class=\"wp-block-image size-large\"><a href=\"https:\/\/ghislaine-faure.fr\/wp-content\/uploads\/2021\/01\/access-bars-laurence-ruas2.jpg\"><img loading=\"lazy\" width=\"1000\" height=\"669\" src=\"https:\/\/ghislaine-faure.fr\/wp-content\/uploads\/2021\/01\/access-bars-laurence-ruas2.jpg\" alt=\"\" class=\"wp-image-894\" srcset=\"https:\/\/ghislaine-faure.fr\/wp-content\/uploads\/2021\/01\/access-bars-laurence-ruas2.jpg 1000w, https:\/\/ghislaine-faure.fr\/wp-content\/uploads\/2021\/01\/access-bars-laurence-ruas2-300x201.jpg 300w, https:\/\/ghislaine-faure.fr\/wp-content\/uploads\/2021\/01\/access-bars-laurence-ruas2-768x514.jpg 768w, https:\/\/ghislaine-faure.fr\/wp-content\/uploads\/2021\/01\/access-bars-laurence-ruas2-400x268.jpg 400w\" sizes=\"(max-width: 1000px) 100vw, 1000px\" \/><\/a><\/figure>\n\n\n<p><img class=\"alignleft\" src=\"http:\/\/www.praticienshiatsu.com\/carres\/access-bars\/07.jpg\" alt=\"M\u00c3\u00a9thode Naet\" \/><\/p>\n<p><span style=\"color: #993300;\"><strong><em>La presse en parle:<\/em><\/strong><\/span><\/p>\n<p><span style=\"color: #800080;\"><em><a style=\"color: #800080;\" href=\"https:\/\/www.topsante.com\/medecines-douces\/therapies-manuelles\/kinesitherapie\/une-methode-qui-libere-l-energie-l-access-consciousness-623105\">https:\/\/www.topsante.com\/medecines-douces\/therapies-manuelles\/kinesitherapie\/une-methode-qui-libere-l-energie-l-access-consciousness-623105<\/a><\/em><\/span><\/p>\n<p><span style=\"color: #008000;\"><em><a style=\"color: #008000;\" href=\"https:\/\/www.espace-attitude-sante.fr\/wp-content\/uploads\/2018\/11\/Access-consciousness.pdf\">https:\/\/www.espace-attitude-sante.fr\/wp-content\/uploads\/2018\/11\/Access-consciousness.pdf<\/a><\/em><\/span><\/p>\n<p><span style=\"color: #993300;\"><strong><em>Access bars\u00a0<\/em><\/strong><\/span><\/p>\n<p><span style=\"color: #800080;\"><em>Cette technique r\u00e9volutionnaire et novatrice, appel\u00e9e Access Bars va vous permettre de d\u00e9fragmenter le disque dur de votre cerveau afin de faire de la place et ainsi permettre d&#8217;inscrire\u00a0 de la positivit\u00e9\u00a0 et\u00a0 du mieux aller dans votre vie.<\/em><\/span><\/p>\n<p><span style=\"color: #993300;\"><em>Comment me direz-vous? &#8230; l&#8217;Access bars consiste \u00e0\u00a0lib\u00e9rer\u00a0 tous les vieux sch\u00e9mas, les croyances limitantes, les comportements n\u00e9gatifs et nocifs de votre mental.\u00a0 En effectuant\u00a0 de l\u00e9g\u00e8res pressions\u00a0 en sym\u00e9trie sur votre cr\u00e2ne\u00a0 afin\u00a0d&#8217;activer\u00a032 points, appel\u00e9s bars&#8230;\u00a0 Access bars va vous permettre de d\u00e9charger tous ces dossiers lourds et encombrant qui vous emp\u00eachent d&#8217;avancer librement sur votre chemin.<\/em><\/span><\/p>\n<p><span style=\"color: #008000;\"><em>Durant la s\u00e9ance d&#8217;access bars, vous ressentirez une profonde d\u00e9tente\u00a0 et ressortirez\u00a0 compl\u00e8tement vid\u00e9 et all\u00e9g\u00e9.<\/em><\/span><\/p>\n<p><span style=\"color: #993300;\"><em>L&#8217;Access bars va\u00a0 ainsi transformer votre vie et cr\u00e9er votre futur dans une vision positive.<\/em><\/span><\/p>\n<p><span style=\"color: #993300;\"><em>L&#8217;Access bars\u00a0\u00a0ayant\u00a0 cr\u00e9er de l&#8217;espace dans votre mental, vous laisserez\u00a0\u00a0entrer plus de positivit\u00e9 dans votre vie, vous ressentirez les tensions tant corporelles que psychologiques se dissoudre, votre sommeil s&#8217;am\u00e9liorer&#8230;.et bien d&#8217;autres choses encore&#8230;<\/em><\/span><\/p>\n<p><span style=\"color: #993300;\"><em>En quelques mots, Access bars: ce n&#8217;est que du bonheur!!!! alors essayez!<\/em><\/span><\/p>\n<p>\u00a0<\/p>\n\n\n<p><\/p>\n","protected":false},"excerpt":{"rendered":"<p>La presse en parle: https:\/\/www.topsante.com\/medecines-douces\/therapies-manuelles\/kinesitherapie\/une-methode-qui-libere-l-energie-l-access-consciousness-623105 https:\/\/www.espace-attitude-sante.fr\/wp-content\/uploads\/2018\/11\/Access-consciousness.pdf Access bars\u00a0 Cette technique r\u00e9volutionnaire et novatrice, appel\u00e9e Access Bars va vous permettre de d\u00e9fragmenter le disque dur de votre cerveau afin de faire [&hellip;]<\/p>\n","protected":false},"author":1,"featured_media":0,"parent":446,"menu_order":0,"comment_status":"closed","ping_status":"closed","template":"","meta":[],"_links":{"self":[{"href":"https:\/\/ghislaine-faure.fr\/index.php?rest_route=\/wp\/v2\/pages\/589"}],"collection":[{"href":"https:\/\/ghislaine-faure.fr\/index.php?rest_route=\/wp\/v2\/pages"}],"about":[{"href":"https:\/\/ghislaine-faure.fr\/index.php?rest_route=\/wp\/v2\/types\/page"}],"author":[{"embeddable":true,"href":"https:\/\/ghislaine-faure.fr\/index.php?rest_route=\/wp\/v2\/users\/1"}],"replies":[{"embeddable":true,"href":"https:\/\/ghislaine-faure.fr\/index.php?rest_route=%2Fwp%2Fv2%2Fcomments&post=589"}],"version-history":[{"count":10,"href":"https:\/\/ghislaine-faure.fr\/index.php?rest_route=\/wp\/v2\/pages\/589\/revisions"}],"predecessor-version":[{"id":1049,"href":"https:\/\/ghislaine-faure.fr\/index.php?rest_route=\/wp\/v2\/pages\/589\/revisions\/1049"}],"up":[{"embeddable":true,"href":"https:\/\/ghislaine-faure.fr\/index.php?rest_route=\/wp\/v2\/pages\/446"}],"wp:attachment":[{"href":"https:\/\/ghislaine-faure.fr\/index.php?rest_route=%2Fwp%2Fv2%2Fmedia&parent=589"}],"curies":[{"name":"wp","href":"https:\/\/api.w.org\/{rel}","templated":true}]}}