{"id":580,"date":"2017-10-26T08:15:12","date_gmt":"2017-10-26T08:15:12","guid":{"rendered":"http:\/\/ghislaine-faure.fr\/?page_id=580"},"modified":"2021-02-27T09:18:37","modified_gmt":"2021-02-27T09:18:37","slug":"analyse-transgenerationnelle","status":"publish","type":"page","link":"https:\/\/ghislaine-faure.fr\/?page_id=580","title":{"rendered":"Analyse transg\u00e9n\u00e9rationnelle"},"content":{"rendered":"\n<div class=\"wp-block-image\"><figure class=\"alignleft size-large\"><a href=\"https:\/\/ghislaine-faure.fr\/wp-content\/uploads\/2021\/01\/12418346-300x204-1.jpg\"><img loading=\"lazy\" width=\"300\" height=\"204\" src=\"https:\/\/ghislaine-faure.fr\/wp-content\/uploads\/2021\/01\/12418346-300x204-1.jpg\" alt=\"\" class=\"wp-image-939\"\/><\/a><\/figure><\/div>\n\n\n\n<p><em><span style=\"color:#c21717\" class=\"has-inline-color\">Cette m\u00e9thode va vous permettre de\u00a0vous d\u00e9barrasser de certaines probl\u00e9matiques familiales dont vous \u00eates porteur.<\/span><\/em><\/p>\n\n\n\n<p class=\"has-vivid-red-color has-text-color\"><em> En dressant votre propre arbre g\u00e9n\u00e9alogique, je pourrai dresser un psychog\u00e9n\u00e9agramme sur lequel nous travaillerons.<\/em><\/p>\n\n\n\n<p class=\"has-white-background-color has-text-color has-background\" style=\"color:#590974\"><em>Vous apprendrez \u00e0 conna\u00eetre vos a\u00efeux, leurs fonctionnements, leurs sch\u00e9mas r\u00e9p\u00e9titifs.<\/em><\/p>\n\n\n\n<p class=\"has-vivid-red-color has-white-background-color has-text-color has-background\"><span style=\"color:#880b35\" class=\"has-inline-color\">Vous<\/span> pourrez \u00e9clairer votre regard sur cette\u00a0saga familiale , comprendre certains m\u00e9canismes qui peuvent avoir une r\u00e9surgence sur votre vie personnelle. <\/p>\n\n\n\n<p class=\"has-white-background-color has-text-color has-background\" style=\"color:#0a842d\">Ainsi, au fil de cette \u00e9tude, vous \u00e9radiquerez<em> des comportements nocifs et r\u00e9p\u00e9titifs, des traumatismes, des secrets de famille etc&#8230;&nbsp;Par votre travail et cette meilleure&nbsp; compr\u00e9hension, vous&nbsp;lib\u00e9rerez \u00e9galement votre filiation de tous ces fardeaux qui ne lui appartiennent pas.<\/em><\/p>\n\n\n\n<div class=\"wp-block-image\"><figure class=\"aligncenter size-large is-resized\"><a href=\"https:\/\/ghislaine-faure.fr\/wp-content\/uploads\/2021\/01\/162-broderie-arbre-genealogique-z.png\"><img loading=\"lazy\" src=\"https:\/\/ghislaine-faure.fr\/wp-content\/uploads\/2021\/01\/162-broderie-arbre-genealogique-z-1024x773.png\" alt=\"\" class=\"wp-image-936\" width=\"256\" height=\"193\" srcset=\"https:\/\/ghislaine-faure.fr\/wp-content\/uploads\/2021\/01\/162-broderie-arbre-genealogique-z-1024x773.png 1024w, https:\/\/ghislaine-faure.fr\/wp-content\/uploads\/2021\/01\/162-broderie-arbre-genealogique-z-300x227.png 300w, https:\/\/ghislaine-faure.fr\/wp-content\/uploads\/2021\/01\/162-broderie-arbre-genealogique-z-768x580.png 768w, https:\/\/ghislaine-faure.fr\/wp-content\/uploads\/2021\/01\/162-broderie-arbre-genealogique-z-400x302.png 400w, https:\/\/ghislaine-faure.fr\/wp-content\/uploads\/2021\/01\/162-broderie-arbre-genealogique-z.png 1029w\" sizes=\"(max-width: 256px) 100vw, 256px\" \/><\/a><\/figure><\/div>\n\n\n\n<p><\/p>\n","protected":false},"excerpt":{"rendered":"<p>Cette m\u00e9thode va vous permettre de\u00a0vous d\u00e9barrasser de certaines probl\u00e9matiques familiales dont vous \u00eates porteur. En dressant votre propre arbre g\u00e9n\u00e9alogique, je pourrai dresser un psychog\u00e9n\u00e9agramme sur lequel nous travaillerons. [&hellip;]<\/p>\n","protected":false},"author":1,"featured_media":0,"parent":77,"menu_order":0,"comment_status":"closed","ping_status":"closed","template":"","meta":[],"_links":{"self":[{"href":"https:\/\/ghislaine-faure.fr\/index.php?rest_route=\/wp\/v2\/pages\/580"}],"collection":[{"href":"https:\/\/ghislaine-faure.fr\/index.php?rest_route=\/wp\/v2\/pages"}],"about":[{"href":"https:\/\/ghislaine-faure.fr\/index.php?rest_route=\/wp\/v2\/types\/page"}],"author":[{"embeddable":true,"href":"https:\/\/ghislaine-faure.fr\/index.php?rest_route=\/wp\/v2\/users\/1"}],"replies":[{"embeddable":true,"href":"https:\/\/ghislaine-faure.fr\/index.php?rest_route=%2Fwp%2Fv2%2Fcomments&post=580"}],"version-history":[{"count":11,"href":"https:\/\/ghislaine-faure.fr\/index.php?rest_route=\/wp\/v2\/pages\/580\/revisions"}],"predecessor-version":[{"id":1164,"href":"https:\/\/ghislaine-faure.fr\/index.php?rest_route=\/wp\/v2\/pages\/580\/revisions\/1164"}],"up":[{"embeddable":true,"href":"https:\/\/ghislaine-faure.fr\/index.php?rest_route=\/wp\/v2\/pages\/77"}],"wp:attachment":[{"href":"https:\/\/ghislaine-faure.fr\/index.php?rest_route=%2Fwp%2Fv2%2Fmedia&parent=580"}],"curies":[{"name":"wp","href":"https:\/\/api.w.org\/{rel}","templated":true}]}}