{"id":495,"date":"2017-05-09T09:59:18","date_gmt":"2017-05-09T09:59:18","guid":{"rendered":"http:\/\/ghislaine-faure.fr\/?page_id=495"},"modified":"2025-04-28T15:45:39","modified_gmt":"2025-04-28T15:45:39","slug":"le-shiatsu","status":"publish","type":"page","link":"https:\/\/ghislaine-faure.fr\/?page_id=495","title":{"rendered":"Le SHIATSU"},"content":{"rendered":"\n<div class=\"wp-block-image\"><figure class=\"aligncenter size-large is-resized\"><a href=\"https:\/\/ghislaine-faure.fr\/wp-content\/uploads\/2021\/01\/shiatsu-tokyo-francophone.jpg\"><img loading=\"lazy\" src=\"https:\/\/ghislaine-faure.fr\/wp-content\/uploads\/2021\/01\/shiatsu-tokyo-francophone.jpg\" alt=\"\" class=\"wp-image-890\" width=\"534\" height=\"355\" srcset=\"https:\/\/ghislaine-faure.fr\/wp-content\/uploads\/2021\/01\/shiatsu-tokyo-francophone.jpg 1000w, https:\/\/ghislaine-faure.fr\/wp-content\/uploads\/2021\/01\/shiatsu-tokyo-francophone-300x200.jpg 300w, https:\/\/ghislaine-faure.fr\/wp-content\/uploads\/2021\/01\/shiatsu-tokyo-francophone-768x511.jpg 768w, https:\/\/ghislaine-faure.fr\/wp-content\/uploads\/2021\/01\/shiatsu-tokyo-francophone-400x266.jpg 400w\" sizes=\"(max-width: 534px) 100vw, 534px\" \/><\/a><\/figure><\/div>\n\n\n<p><strong><span style=\"color: #008000;\"><em>Qu&#8217;est-ce que le Shiatsu?<\/em><\/span><\/strong><\/p>\n<p><span style=\"color: #800080;\"><em>Le mot &#8220;SHIATSU&#8221; signifie &#8220;pression avec les doigts&#8221;.<\/em><\/span><\/p>\n<p><span style=\"color: #993300;\"><em>C&#8217;est une th\u00e9rapie manuelle s&#8217;effectue principalement \u00e0 l&#8217;aide des doigts et des paumes de mains sur des points pr\u00e9cis d&#8217;acupuncture.&nbsp;<\/em><\/span><\/p>\n<p><span style=\"color: #008000;\"><em>Comment agit le SHIATSU?<\/em><\/span><\/p>\n<p><span style=\"color: #993300;\"><em>S&#8217;appuyant sur la m\u00e9decine traditionnelle chinoise, il permet de r\u00e9-harmoniser l&#8217;\u00e9nergie vitale qui circule en chacun de nous, en d\u00e9nouant les tensions nerveuses et en tonifiant les organes d\u00e9ficients.<\/em><\/span><\/p>\n<p><span style=\"color: #008000;\"><em>A qui s&#8217;adresse le SHIATSU?<\/em><\/span><\/p>\n<p><span style=\"color: #800080;\"><em>A tout le monde! <\/em><\/span><\/p>\n<p><span style=\"color: #993300;\"><em>Du jeune enfant en passant par l&#8217;adolescent, aux adultes et personnes \u00e2g\u00e9es.<\/em><\/span><\/p>\n<p><span style=\"color: #993300;\"><em>A toute personne d\u00e9sirant retrouver un fonctionnement vital \u00e9quilibr\u00e9 et harmonieux ou d\u00e9sirant l&#8217;entretenir et le conserver.<\/em><\/span><\/p>\n<p><span style=\"color: #993300;\"><em>Les bienfaits du SHIATSU:<\/em><\/span><\/p>\n<ul>\n<li><span style=\"color: #993366;\"><em>Le shiatsu a la qualit\u00e9 d&#8217;agir pr\u00e9ventivement. C&#8217;est une m\u00e9thode efficace qui permet au corps et \u00e0 l&#8217;esprit de fonctionner de fa\u00e7on plus fluide et harmonieuse.<\/em><\/span><\/li>\n<li><span style=\"color: #993366;\"><em>renforce le syst\u00e8me immunitaire<\/em><\/span><\/li>\n<li><span style=\"color: #993366;\"><em>augmente le niveau d&#8217;\u00e9nergie<\/em><\/span><\/li>\n<li><span style=\"color: #993366;\"><em>r\u00e9-\u00e9quilibre les \u00e9tats \u00e9motionnels et psychologiques<\/em><\/span><\/li>\n<li><span style=\"color: #993366;\"><em>tonifie les organes<\/em><\/span><\/li>\n<li><span style=\"color: #993366;\"><em>r\u00e9gule la circulation du sang et de la lymphe<\/em><\/span><\/li>\n<\/ul>\n<p><span style=\"color: #993300;\"><em>Il est aussi efficace en cas de:<\/em><\/span><\/p>\n<ul>\n<li><span style=\"color: #993366;\"><em>maux de t\u00eate et de migraines<\/em><\/span><\/li>\n<li><span style=\"color: #993366;\"><em>anxi\u00e9t\u00e9 et de tensions li\u00e9es au stress&nbsp;(insomnie, fatigue,d\u00e9pression,angoisses, irritabilit\u00e9&#8230;)<\/em><\/span><\/li>\n<li><span style=\"color: #993366;\"><em>manque de volont\u00e9 et d&#8217;entrain<\/em><\/span><\/li>\n<li><span style=\"color: #993366;\"><em>probl\u00e8mes de poids et d&#8217;app\u00e9tit<\/em><\/span><\/li>\n<li><span style=\"color: #993366;\"><em>difficult\u00e9s scolaires (concentration, m\u00e9moire, pr\u00e9paration aux examens)<\/em><\/span><\/li>\n<li><span style=\"color: #993366;\"><em>femmes enceintes ou apr\u00e8s accouchement<\/em><\/span><\/li>\n<\/ul>\n<p><span style=\"color: #993300;\"><em>La pratique du Shiatsu:<\/em><\/span><\/p>\n<p><span style=\"color: #993366;\"><em>Le shiatsu se pratique dans une pi\u00e8ce calme. La personne doit porter des v\u00eatements souples et l\u00e9gers. Elle est allong\u00e9e sur un&nbsp;tatami&nbsp;pos\u00e9 au sol.&nbsp;<\/em><\/span><\/p>\n<p><span style=\"color: #008000;\"><em>La dur\u00e9e de la s\u00e9ance est d&#8217;environ 1h1\/4 \u00e0 1h1\/2<\/em><\/span><\/p>\n\n\n<div class=\"wp-block-buttons\">\n<div class=\"wp-block-button\"><a class=\"wp-block-button__link\" href=\"https:\/\/ghislaine-faure.fr\/?page_id=1266&amp;idFamille=505320\"><span class=\"has-inline-color has-white-color\">R\u00e9servez votre shiatsu<\/span><\/a><\/div>\n<\/div>\n\n\n\n<p><\/p>\n","protected":false},"excerpt":{"rendered":"<p>Qu&#8217;est-ce que le Shiatsu? Le mot &#8220;SHIATSU&#8221; signifie &#8220;pression avec les doigts&#8221;. C&#8217;est une th\u00e9rapie manuelle s&#8217;effectue principalement \u00e0 l&#8217;aide des doigts et des paumes de mains sur des points [&hellip;]<\/p>\n","protected":false},"author":1,"featured_media":0,"parent":446,"menu_order":0,"comment_status":"closed","ping_status":"closed","template":"","meta":[],"_links":{"self":[{"href":"https:\/\/ghislaine-faure.fr\/index.php?rest_route=\/wp\/v2\/pages\/495"}],"collection":[{"href":"https:\/\/ghislaine-faure.fr\/index.php?rest_route=\/wp\/v2\/pages"}],"about":[{"href":"https:\/\/ghislaine-faure.fr\/index.php?rest_route=\/wp\/v2\/types\/page"}],"author":[{"embeddable":true,"href":"https:\/\/ghislaine-faure.fr\/index.php?rest_route=\/wp\/v2\/users\/1"}],"replies":[{"embeddable":true,"href":"https:\/\/ghislaine-faure.fr\/index.php?rest_route=%2Fwp%2Fv2%2Fcomments&post=495"}],"version-history":[{"count":17,"href":"https:\/\/ghislaine-faure.fr\/index.php?rest_route=\/wp\/v2\/pages\/495\/revisions"}],"predecessor-version":[{"id":1280,"href":"https:\/\/ghislaine-faure.fr\/index.php?rest_route=\/wp\/v2\/pages\/495\/revisions\/1280"}],"up":[{"embeddable":true,"href":"https:\/\/ghislaine-faure.fr\/index.php?rest_route=\/wp\/v2\/pages\/446"}],"wp:attachment":[{"href":"https:\/\/ghislaine-faure.fr\/index.php?rest_route=%2Fwp%2Fv2%2Fmedia&parent=495"}],"curies":[{"name":"wp","href":"https:\/\/api.w.org\/{rel}","templated":true}]}}