{"id":47,"date":"2015-03-24T20:31:03","date_gmt":"2015-03-24T20:31:03","guid":{"rendered":"http:\/\/ghislaine-faure.fr\/?page_id=47"},"modified":"2021-02-02T19:45:33","modified_gmt":"2021-02-02T19:45:33","slug":"hypnose","status":"publish","type":"page","link":"https:\/\/ghislaine-faure.fr\/?page_id=47","title":{"rendered":"Hypnose"},"content":{"rendered":"\n<figure class=\"wp-block-image size-large\"><a href=\"https:\/\/ghislaine-faure.fr\/wp-content\/uploads\/2021\/01\/hypnose-bienfaits.jpg\"><img loading=\"lazy\" width=\"1024\" height=\"336\" src=\"https:\/\/ghislaine-faure.fr\/wp-content\/uploads\/2021\/01\/hypnose-bienfaits-1024x336.jpg\" alt=\"\" class=\"wp-image-951\" srcset=\"https:\/\/ghislaine-faure.fr\/wp-content\/uploads\/2021\/01\/hypnose-bienfaits-1024x336.jpg 1024w, https:\/\/ghislaine-faure.fr\/wp-content\/uploads\/2021\/01\/hypnose-bienfaits-300x99.jpg 300w, https:\/\/ghislaine-faure.fr\/wp-content\/uploads\/2021\/01\/hypnose-bienfaits-768x252.jpg 768w, https:\/\/ghislaine-faure.fr\/wp-content\/uploads\/2021\/01\/hypnose-bienfaits-1536x504.jpg 1536w, https:\/\/ghislaine-faure.fr\/wp-content\/uploads\/2021\/01\/hypnose-bienfaits-400x131.jpg 400w, https:\/\/ghislaine-faure.fr\/wp-content\/uploads\/2021\/01\/hypnose-bienfaits.jpg 1559w\" sizes=\"(max-width: 1024px) 100vw, 1024px\" \/><\/a><\/figure>\n\n\n<p>\u00a0<\/p>\n<h4><span style=\"color: #008000;\">Offre sp\u00e9ciale ETUDIANT CMU RSA: s\u00e9ance 36 \u20ac<\/span><\/h4>\n<p><em><span style=\"color: #ff0000;\">Mise en garde:\u00a0l&#8217;hypnose ne convient pas \u00e0 tout le monde comme certains praticiens non avertis v\u00e9hiculent ce courant de pens\u00e9e!<\/span><\/em><\/p>\n<p><span style=\"color: #008000;\"><strong><em>Qu\u2019est ce que l\u2019hypnose???<\/em><\/strong><\/span><\/p>\n<p><span style=\"color: #800080;\"><em>Il s\u2019agit \u00a0 simplement d&#8217;un \u00e9tat modifi\u00e9 de conscience .<\/em><\/span><\/p>\n<p><span style=\"color: #993300;\"><em>Qu\u2019est ce que \u00e7a veut dire\u2026 me direz vous? \u2026.. et bien \u2026. Qui n\u2019a pas fait l&#8217;exp\u00e9rience un jour, de conduire sa voiture tout en pensant \u00e0 ce qu il allait faire plus tard\u2026 n\u2019\u00e9tant plus du tout\u00a0 pr\u00e9sent \u00e0 ce qui se passait sur la route\u2026.<\/em><\/span><\/p>\n<p><span style=\"color: #993300;\"><em>Qui ne s\u2019est pas surpris\u00a0 de n\u2019\u00eatre plus du tout pr\u00e9sent au travail qu\u2019il faisait ; son esprit vagabondant ailleurs et absorb\u00e9 dans cette errance?\u2026. Qui n\u2019a pas entendu le ma\u00eetre dire : \u00ab Mais \u00e0 quoi r\u00eaves-tu ? \u00bb \u00e0 l\u2019\u00e9l\u00e8ve dont l\u2019esprit \u00e9tait \u00ab dans la lune \u00bb \u2026. Les enfants sont tr\u00e8s agiles pour se mettre dans cette forme d\u2019auto hypnose . \u2026<\/em><\/span><\/p>\n<p><span style=\"color: #993300;\"><em>Voici des exemples concrets d\u2019\u00e9tat modifi\u00e9 de conscience\u00a0 que chacun de vous a pu exp\u00e9riment\u00e9. En effet,\u00a0notre cerveau a ce merveilleux pouvoir de se mettre en \u00e9tat d\u2019auto-hypnose toutes les heures et demi ! pour notre bien-\u00eatre\u2026c\u2019est un peu notre soupape de s\u00e9curit\u00e9&#8230; tout comme le r\u00eave d\u2019ailleurs !!!!\u2026<\/em><\/span><\/p>\n<p><span style=\"color: #008000;\"><em>Alors pourquoi \u00a0avoir peur de cet \u00e9tat ???<\/em><\/span><\/p>\n<p><em>I<span style=\"color: #800080;\">l faut savoir que tout le monde est hypnotisable mais \u00e0\u00a0diff\u00e9rents niveaux de r\u00e9ceptivit\u00e9.<\/span><\/em><\/p>\n<p><span style=\"color: #800080;\"><em>Les hypnotiseurs de sc\u00e8ne font\u00a0 faire des tests aux volontaires avant de les\u00a0s\u00e9lectionner comme &#8220;acteurs&#8221; dans leurs spectacles&#8230;.. il faut le savoir !<\/em><\/span><\/p>\n<p><span style=\"color: #993300;\"><em>En cabinet, il s&#8217;agit uniquement d&#8217;hypnose \u00e0 vis\u00e9e th\u00e9rapeutique ayant pour but de vous aider \u00e0 aller de mieux en mieux en vous lib\u00e9rant d&#8217;un certain mal-\u00eatre<\/em><\/span><\/p>\n<p><span style=\"color: #993300;\"><em>Durant les s\u00e9ances , vous restez bien pr\u00e9sent\u00a0\u00e0 tout ce qui se passe, mais dans un \u00e9tat compl\u00e8tement relax\u00e9 comme dans &#8220;un \u00e9tat second&#8221;\u00a0 entre veille et sommeil.<\/em><\/span><\/p>\n<p><span style=\"color: #993300;\"><em>A\u00a0tout moment, vous pouvez interagir et interrompre cet \u00e9tat, tout comme vous le faites quand vous revenez \u00e0 la r\u00e9alit\u00e9 dans les situations que j\u2019ai \u00e9voqu\u00e9es ci-dessus.<\/em><\/span><\/p>\n<p><span style=\"color: #993300;\"><em>L\u2019hypnose est une m\u00e9thode simple qui va me permettre de vous plonger dans cet \u00e9tat de conscience modifi\u00e9e afin d&#8217;atteindre votre\u00a0inconscient et \u00ab\u00a0travailler\u00a0\u00bb avec lui en lui faisant passer suggestions et messages.<\/em><\/span><\/p>\n<p><span style=\"color: #008000;\"><em>Notre inconscient est un puissant alli\u00e9.<\/em><\/span><\/p>\n<p><span style=\"color: #993366;\"><em> Il connait ce qui est bon pour nous et poss\u00e8de les capacit\u00e9s pour acc\u00e9der \u00e0\u00a0nos ressources int\u00e9rieures les plus enfouies.<\/em><\/span><\/p>\n<p><span style=\"color: #993366;\"><em>Notre vie est g\u00e9r\u00e9e \u00e0 80 % par cet inconscient (comportements, m\u00e9canismes,automatismes, cr\u00e9ativit\u00e9, intuition, \u00e9motions\u2026)<\/em><\/span><\/p>\n<p><span style=\"color: #993300;\"><em>En s\u2019adressant \u00e0 votre inconscient, l\u2019hypnopraticien va vous aider \u00e0 aller puiser \u00e0 l\u2019int\u00e9rieur de\u00a0cette mine d\u2019or, certains principes quelque peu cach\u00e9s, pour les stimuler d\u2019avantage. Il va aller &#8220;dialoguer&#8221; avec votre inconscient\u00a0afin de lui soumettre des suggestions et les\u00a0mettre en exergue\u00a0 \u00e0 des fins th\u00e9rapeutiques . Il va lui demander de d\u00e9nouer \u00a0certains blocages\u00a0ou certains liens qui\u00a0 &#8220;pourrissent&#8221; la vie du sujet\u2026 tout ceci afin d&#8217; am\u00e9liorer son\u00a0quotidien\u2026(lib\u00e9ration des addictions par exemple, gestion du stress, de la douleur\u2026. lib\u00e9ration de certains \u00e9tats \u00e9motionnels suite \u00e0 un\u00a0v\u00e9cu traumatisant\u2026.)<\/em><\/span><br \/><span style=\"color: #993300;\"><em> De plus en plus la m\u00e9decine traditionnelle et les pompiers font appel \u00e0 l\u2019hypnose et reconnaissent son formidable pouvoir.<\/em><\/span><\/p>\n<p><span style=\"color: #008000;\"><em>Alors pourquoi se priver de ces miraculeuses ressources pour conduire notre vie dans une r\u00e9alit\u00e9 adapt\u00e9e \u00e0 nos besoins ?<\/em><\/span><\/p>\n\n\n<p><\/p>\n","protected":false},"excerpt":{"rendered":"<p>\u00a0 Offre sp\u00e9ciale ETUDIANT CMU RSA: s\u00e9ance 36 \u20ac Mise en garde:\u00a0l&#8217;hypnose ne convient pas \u00e0 tout le monde comme certains praticiens non avertis v\u00e9hiculent ce courant de pens\u00e9e! Qu\u2019est [&hellip;]<\/p>\n","protected":false},"author":1,"featured_media":0,"parent":77,"menu_order":0,"comment_status":"closed","ping_status":"closed","template":"","meta":[],"_links":{"self":[{"href":"https:\/\/ghislaine-faure.fr\/index.php?rest_route=\/wp\/v2\/pages\/47"}],"collection":[{"href":"https:\/\/ghislaine-faure.fr\/index.php?rest_route=\/wp\/v2\/pages"}],"about":[{"href":"https:\/\/ghislaine-faure.fr\/index.php?rest_route=\/wp\/v2\/types\/page"}],"author":[{"embeddable":true,"href":"https:\/\/ghislaine-faure.fr\/index.php?rest_route=\/wp\/v2\/users\/1"}],"replies":[{"embeddable":true,"href":"https:\/\/ghislaine-faure.fr\/index.php?rest_route=%2Fwp%2Fv2%2Fcomments&post=47"}],"version-history":[{"count":28,"href":"https:\/\/ghislaine-faure.fr\/index.php?rest_route=\/wp\/v2\/pages\/47\/revisions"}],"predecessor-version":[{"id":1061,"href":"https:\/\/ghislaine-faure.fr\/index.php?rest_route=\/wp\/v2\/pages\/47\/revisions\/1061"}],"up":[{"embeddable":true,"href":"https:\/\/ghislaine-faure.fr\/index.php?rest_route=\/wp\/v2\/pages\/77"}],"wp:attachment":[{"href":"https:\/\/ghislaine-faure.fr\/index.php?rest_route=%2Fwp%2Fv2%2Fmedia&parent=47"}],"curies":[{"name":"wp","href":"https:\/\/api.w.org\/{rel}","templated":true}]}}