{"id":446,"date":"2017-04-20T17:24:43","date_gmt":"2017-04-20T17:24:43","guid":{"rendered":"http:\/\/ghislaine-faure.fr\/?page_id=446"},"modified":"2025-04-28T15:49:44","modified_gmt":"2025-04-28T15:49:44","slug":"soins-par-le-toucher","status":"publish","type":"page","link":"https:\/\/ghislaine-faure.fr\/?page_id=446","title":{"rendered":"Soins par le toucher"},"content":{"rendered":"\n<div class=\"wp-block-image\"><figure class=\"aligncenter size-large\"><a href=\"https:\/\/ghislaine-faure.fr\/wp-content\/uploads\/2021\/01\/images.jpeg\"><img loading=\"lazy\" width=\"335\" height=\"151\" src=\"https:\/\/ghislaine-faure.fr\/wp-content\/uploads\/2021\/01\/images.jpeg\" alt=\"\" class=\"wp-image-897\" srcset=\"https:\/\/ghislaine-faure.fr\/wp-content\/uploads\/2021\/01\/images.jpeg 335w, https:\/\/ghislaine-faure.fr\/wp-content\/uploads\/2021\/01\/images-300x135.jpeg 300w\" sizes=\"(max-width: 335px) 100vw, 335px\" \/><\/a><\/figure><\/div>\n\n\n<p><span style=\"color: #008000;\"><em>C&#8217;est bien parce que vous \u00eates un <strong>\u00eatre unique <\/strong>que pour certains le soin doit passer par le toucher. <\/em><\/span><\/p>\n<p><span style=\"color: #993300;\"><em><span style=\"color: #993300;\">J&#8217;ai choisi de me former dans le prestigieux institut de Michel Odoul* <\/span><\/em><\/span><\/p>\n<p><span style=\"color: #993300;\"><em><span style=\"color: #993300;\">\u00e0 Paris en :&nbsp;<\/span><\/em><\/span><\/p>\n<ol>\n<li><em><a href=\"http:\/\/ghislaine-faure.fr\/?page_id=516\"><span style=\"color: #800080;\">la r\u00e9flexologie<\/span><\/a><\/em><\/li>\n<li><span style=\"color: #800080;\"><em><a style=\"color: #800080;\" href=\"http:\/\/ghislaine-faure.fr\/?page_id=495\">shiatsu<\/a><\/em><\/span><\/li>\n<li><span style=\"color: #800080;\"><em><a style=\"color: #800080;\" href=\"https:\/\/ghislaine-faure.fr\/?page_id=495\">La m\u00e9decine traditionnelle chinoise et acupression<\/a><\/em><\/span><\/li>\n<\/ol>\n<p><span style=\"color: #993300;\">avec une sage-femme sophrologue Laurence Ruas de la Dr\u00f4me en&nbsp;<\/span><\/p>\n<ul>\n<li><em><a href=\"https:\/\/ghislaine-faure.fr\/?page_id=589\"><span style=\"color: #800080;\">Acces bars<\/span><\/a><\/em><\/li>\n<\/ul>\n<p><em><span style=\"color: #993300;\">Avec<\/span><\/em><strong><em><span style=\"color: #993300;\"> Cyril B\u00e9ch<\/span><\/em><span style=\"color: #993300;\"><em>acq<\/em><\/span><\/strong><span style=\"color: #993300;\">&nbsp; je me suis form\u00e9e \u00e0<\/span><strong> :<\/strong><\/p>\n<p><span style=\"color: #800080;\"><em><strong>La m\u00e9thode Knap qui est une approche douce qui consiste \u00e0 manipuler, masser et stimuler 18 points principaux et 15 secondaires pour soulager et enlever les douleurs ost\u00e9o-articulaires , am\u00e9liorer la circulation sanguine et stimuler le syst\u00e8me immunitaire<\/strong><\/em><\/span><\/p>\n<p><\/p>\n<p><span style=\"color: #993300;\"><em>*Un peu plus d&#8217;informations sur Michel Odoul.<\/em><\/span><\/p>\n<p><span style=\"color: #993300;\"><em>C est un des sp\u00e9cialistes dans les techniques de soin par le toucher.<\/em><\/span><\/p>\n<p><em><span style=\"color: #993300;\"> Il a ramen\u00e9 d&#8217;orient une technique de soin<\/span> <span style=\"color: #800080;\"><a style=\"color: #800080;\" href=\"http:\/\/ghislaine-faure.fr\/?page_id=495\" rel=\"noopener noreferrer\">Le Shiatsu<\/a><\/span> . <span style=\"color: #993300;\">Par pressions, nous pourrons \u00e9quilibrer les courants d&#8217; \u00e9nergie dans le corps:&nbsp;. <\/span><\/em><\/p>\n<p><span style=\"color: #993300;\"><em>Son institut propose l&#8217;apprentissage de ces diff\u00e9rentes techniques de soins orientaux dont la m\u00e9decine traditionnelle chinoise mais aussi la psycho \u00e9nerg\u00e9tique.&nbsp;<\/em><\/span><\/p>\n<p><span style=\"color: #993300;\"><em>Il intervient sur Sud Radio et est l&#8217;auteur de nombreux ouvrages dont ses deux best sellers: &#8220;dis moi o\u00f9 tu as mal , je te dirai pourquoi&#8221; et &#8220;Dis moi quand tu as mal, je te dirai pourquoi&#8221;.<\/em><\/span><\/p>\n<p><span style=\"color: #993300;\"><em>Il a d\u00e9montr\u00e9&nbsp; la force des ondes de la pens\u00e9e, de l&#8217;esprit et de l&#8217;amour.&nbsp; Guillaume Canet a repris cette d\u00e9monstration dans son film &#8221; Les petits mouchoirs&#8221; avec l&#8217;exemple des petits bols de riz cuit, l&#8217;un \u00e0 qui on parle et qui s&#8217;\u00e9panouit et l&#8217;autre que l&#8217;on ignore, que l&#8217;on oublie dans un coin et qui meurt&nbsp; &nbsp;.&nbsp;<\/em><\/span><\/p>\n<p><\/p>\n<p><em>&nbsp;<\/em><\/p>\n\n\n<div class=\"wp-block-buttons\">\n<div class=\"wp-block-button\"><a class=\"wp-block-button__link\" href=\"https:\/\/ghislaine-faure.fr\/?page_id=1266&amp;idFamille=505321\"><span class=\"has-inline-color has-white-color\">R\u00e9servez votre massage bien-\u00eatre<\/span><\/a><\/div>\n<\/div>\n","protected":false},"excerpt":{"rendered":"<p>C&#8217;est bien parce que vous \u00eates un \u00eatre unique que pour certains le soin doit passer par le toucher. J&#8217;ai choisi de me former dans le prestigieux institut de Michel [&hellip;]<\/p>\n","protected":false},"author":1,"featured_media":0,"parent":187,"menu_order":0,"comment_status":"closed","ping_status":"closed","template":"","meta":[],"_links":{"self":[{"href":"https:\/\/ghislaine-faure.fr\/index.php?rest_route=\/wp\/v2\/pages\/446"}],"collection":[{"href":"https:\/\/ghislaine-faure.fr\/index.php?rest_route=\/wp\/v2\/pages"}],"about":[{"href":"https:\/\/ghislaine-faure.fr\/index.php?rest_route=\/wp\/v2\/types\/page"}],"author":[{"embeddable":true,"href":"https:\/\/ghislaine-faure.fr\/index.php?rest_route=\/wp\/v2\/users\/1"}],"replies":[{"embeddable":true,"href":"https:\/\/ghislaine-faure.fr\/index.php?rest_route=%2Fwp%2Fv2%2Fcomments&post=446"}],"version-history":[{"count":30,"href":"https:\/\/ghislaine-faure.fr\/index.php?rest_route=\/wp\/v2\/pages\/446\/revisions"}],"predecessor-version":[{"id":1284,"href":"https:\/\/ghislaine-faure.fr\/index.php?rest_route=\/wp\/v2\/pages\/446\/revisions\/1284"}],"up":[{"embeddable":true,"href":"https:\/\/ghislaine-faure.fr\/index.php?rest_route=\/wp\/v2\/pages\/187"}],"wp:attachment":[{"href":"https:\/\/ghislaine-faure.fr\/index.php?rest_route=%2Fwp%2Fv2%2Fmedia&parent=446"}],"curies":[{"name":"wp","href":"https:\/\/api.w.org\/{rel}","templated":true}]}}