{"id":36,"date":"2015-03-24T19:52:58","date_gmt":"2015-03-24T19:52:58","guid":{"rendered":"http:\/\/ghislaine-faure.fr\/?page_id=36"},"modified":"2022-09-02T20:19:23","modified_gmt":"2022-09-02T20:19:23","slug":"arreter-de-fumer-en-une-seance","status":"publish","type":"page","link":"https:\/\/ghislaine-faure.fr\/?page_id=36","title":{"rendered":"Arr\u00eater de fumer en 1 s\u00e9ance"},"content":{"rendered":"<p><span style=\"color: #0000ff;\"><a href=\"http:\/\/ghislaine-faure.fr\/wp-content\/uploads\/2015\/07\/Stop-tabac-Autopsie_meurtrier.jpg\"><img loading=\"lazy\" class=\"size-medium wp-image-201 alignleft\" src=\"http:\/\/ghislaine-faure.fr\/wp-content\/uploads\/2015\/07\/Stop-tabac-Autopsie_meurtrier-222x300.jpg\" alt=\"Stop tabac Autopsie_meurtrier\" width=\"222\" height=\"300\" srcset=\"https:\/\/ghislaine-faure.fr\/wp-content\/uploads\/2015\/07\/Stop-tabac-Autopsie_meurtrier-222x300.jpg 222w, https:\/\/ghislaine-faure.fr\/wp-content\/uploads\/2015\/07\/Stop-tabac-Autopsie_meurtrier.jpg 275w\" sizes=\"(max-width: 222px) 100vw, 222px\" \/><\/a><\/span><\/p>\n<p><span style=\"color: #993300;\">Centre d\u2019hypnose et d&#8217;EFT anti-tabac sur le Vaucluse avec suivi gratuit pendant une ann\u00e9e.<\/span><\/p>\n<p><span style=\"color: #993300;\">C&#8217;est d\u00e9cid\u00e9?&#8230; Vous avez pris la d\u00e9cision d&#8217;arr\u00eater de fumer?<\/span><\/p>\n<p><span style=\"color: #993300;\">Attention ce choix est capital&#8230;car sachez que vous allez cette fois-ci r\u00e9ussir et devenir non fumeur \u00e0 vie!!!<\/span><\/p>\n<p><span style=\"color: #993300;\">Vous pensez qu&#8217;arr\u00eater de fumer en une s\u00e9ance c&#8217;est juste impossible !<\/span><\/p>\n<p><em><span style=\"color: #800080;\">Et bien je vous r\u00e9ponds:<\/span><\/em><\/p>\n<p><span style=\"color: #008000;\">Arr\u00eater de fumer en une s\u00e9ance oui c&#8217;est r\u00e9alisable!<\/span><\/p>\n<p><span style=\"color: #993300;\">OUI Stopper le tabac en une s\u00e9ance: c&#8217;est possible! une pr\u00e9-s\u00e9ance par t\u00e9l\u00e9phone ou en pr\u00e9sentiel nous permettra de faire conna\u00eessance et \u00a0d&#8217;\u00e9changer sur la m\u00e9thode de prise en charge de ce sevrage tabagique puis nous positionnerons la s\u00e9ance d\u00e9finitive pour arr\u00eater de fumer et \u00eatre enfin lib\u00e9r\u00e9 de ce poison.<\/span><\/p>\n<p><span style=\"color: #993300;\">Vous connaissez tous dans votre entourage, des personnes qui ont d\u00fb s&#8217;arr\u00eater de fumer du jour au lendemain pour des raisons de sant\u00e9 ou autres et ils en ont \u00e9t\u00e9 capables! alors pourquoi pas vous? RESPIREZ VOUS \u00caTES SUR LA BONNE PAGE!<\/span><\/p>\n<p><span style=\"color: #993300;\">Nos politiques, nos m\u00e9dias attirent notre attention tous les jours sur les m\u00e9faits et la dangerosit\u00e9 du tabac sur la sant\u00e9. En l&#8217;occurrence :<\/span><\/p>\n<ul>\n<li><span style=\"color: #800080;\">probl\u00e8mes cardio-vasculaires<\/span><\/li>\n<li><span style=\"color: #800080;\">diff\u00e9rentes formes de cancer<\/span><\/li>\n<li><span style=\"color: #800080;\">rhinites et quintes de toux \u00e0 r\u00e9p\u00e9tition<\/span><\/li>\n<li><span style=\"color: #800080;\">malformations chez le foetus<\/span><\/li>\n<li><span style=\"color: #800080;\">accouchement pr\u00e9matur\u00e9<\/span><\/li>\n<li><span style=\"color: #800080;\">mort pr\u00e9matur\u00e9e<\/span><\/li>\n<\/ul>\n<p><span style=\"color: #993300;\">Diverses m\u00e9thodes\u00a0existent mais avec des pourcentages de r\u00e9ussite ne d\u00e9passant pas 60 % :<\/span><\/p>\n<p><span style=\"color: #800080;\">Patchs, chewing-gums 9 %,<\/span><\/p>\n<p><span style=\"color: #800080;\">traitements m\u00e9dicamenteux style zyban : 15 %,<\/span><\/p>\n<p><span style=\"color: #800080;\">champix : 22 % entra\u00eenant des\u00a0probl\u00e8mes secondaires\u00a0 maux de t\u00eate\u00a0, insomnie et id\u00e9es suicidaires,<\/span><\/p>\n<p><span style=\"color: #800080;\">acupuncture 20%,<\/span><\/p>\n<p><span style=\"color: #800080;\">hypnose classique 30%, hypnose moderne 60% .<\/span><\/p>\n<p><span style=\"color: #993300;\">Ces pourcentages sont donn\u00e9s \u00e0 titre indicatif et peuvent vari\u00e9s l\u00e9g\u00e8rement d\u2019un sujet \u00e0 l\u2019autre et d\u2019un praticien \u00e0 l\u2019autre.<\/span><\/p>\n<p><span style=\"color: #800080;\">Avec la m\u00e9thode que je vous propose, vous arr\u00eaterez de fumer\u00a0en\u00a0UNE s\u00e9ance<\/span><\/p>\n<p><span style=\"color: #800080;\">Pour les personnes plus &#8220;r\u00e9sistantes&#8221;, 3\u00a0s\u00e9ances suppl\u00e9mentaires sont offertes dans le forfait pour atteindre un taux de r\u00e9ussite\u00a0record d\u00e9passant les 85%<\/span><\/p>\n<p><span style=\"color: #800080;\">Vous\u00a0b\u00e9n\u00e9ficierez en plus: de conseils et d&#8217;un suivi gratuit sur une ann\u00e9e.<\/span><\/p>\n<p><span style=\"color: #800080;\">Alors, c\u2019est d\u00e9cid\u00e9? vous voulez VRAIMENT arr\u00eater de vous empoisonner ? Vous voulez vraiment\u00a0Arr\u00eater de fumer d\u00e9finitivement?<\/span><\/p>\n<p><span style=\"color: #800080;\">Allez sur la page &#8221; <a style=\"color: #800080;\" href=\"http:\/\/ghislaine-faure.fr\/?page_id=63\">mes coordonn\u00e9es<\/a>&#8221;\u00a0afin de prendre rendez-vous \u00a0!<\/span><\/p>\n<p><span style=\"color: #800080;\">Nous conviendrons ensemble d&#8217;un premier rendez-vous et conforterons cette d\u00e9cision de devenir NON FUMEUR A VIE\u00a0par\u00a0un petit test pour valider si c&#8217;est effectivement le bon moment<\/span> <span style=\"color: #800080;\">pour vous.<\/span><\/p>\n<p><span style=\"color: #993300;\">ALORS OUI C&#8217;EST POSSIBLE D&#8217;ARR\u00caTER DE FUMER EN UNE\u00a0S\u00c9ANCE&#8230;.LIBEREZ-VOUS UNE BONNE FOIS POUR TOUTE DE CETTE F\u00c4CHEUSE HABITUDE DE FUMER! LE TABAC TUE!<\/span><\/p>\n<p><span style=\"color: #008000;\">ALORS ARR\u00caTEZ DE VOUS EMPOISONNER ET DE VOUS RUINER !<\/span><\/p>\n","protected":false},"excerpt":{"rendered":"<p>Centre d\u2019hypnose et d&#8217;EFT anti-tabac sur le Vaucluse avec suivi gratuit pendant une ann\u00e9e. C&#8217;est d\u00e9cid\u00e9?&#8230; Vous avez pris la d\u00e9cision d&#8217;arr\u00eater de fumer? Attention ce choix est capital&#8230;car sachez [&hellip;]<\/p>\n","protected":false},"author":1,"featured_media":0,"parent":0,"menu_order":0,"comment_status":"closed","ping_status":"open","template":"","meta":[],"_links":{"self":[{"href":"https:\/\/ghislaine-faure.fr\/index.php?rest_route=\/wp\/v2\/pages\/36"}],"collection":[{"href":"https:\/\/ghislaine-faure.fr\/index.php?rest_route=\/wp\/v2\/pages"}],"about":[{"href":"https:\/\/ghislaine-faure.fr\/index.php?rest_route=\/wp\/v2\/types\/page"}],"author":[{"embeddable":true,"href":"https:\/\/ghislaine-faure.fr\/index.php?rest_route=\/wp\/v2\/users\/1"}],"replies":[{"embeddable":true,"href":"https:\/\/ghislaine-faure.fr\/index.php?rest_route=%2Fwp%2Fv2%2Fcomments&post=36"}],"version-history":[{"count":28,"href":"https:\/\/ghislaine-faure.fr\/index.php?rest_route=\/wp\/v2\/pages\/36\/revisions"}],"predecessor-version":[{"id":1192,"href":"https:\/\/ghislaine-faure.fr\/index.php?rest_route=\/wp\/v2\/pages\/36\/revisions\/1192"}],"wp:attachment":[{"href":"https:\/\/ghislaine-faure.fr\/index.php?rest_route=%2Fwp%2Fv2%2Fmedia&parent=36"}],"curies":[{"name":"wp","href":"https:\/\/api.w.org\/{rel}","templated":true}]}}