{"id":269,"date":"2015-09-18T08:27:27","date_gmt":"2015-09-18T08:27:27","guid":{"rendered":"http:\/\/ghislaine-faure.fr\/?page_id=269"},"modified":"2021-02-27T09:25:46","modified_gmt":"2021-02-27T09:25:46","slug":"orientation-solutions","status":"publish","type":"page","link":"https:\/\/ghislaine-faure.fr\/?page_id=269","title":{"rendered":"R\u00e9solution de probl\u00e8mes"},"content":{"rendered":"<p style=\"text-align: left;\"><strong><span style=\"color: #339966;\"><a href=\"http:\/\/ghislaine-faure.fr\/wp-content\/uploads\/2015\/09\/index.jpe\"><img loading=\"lazy\" class=\"size-full wp-image-285 aligncenter\" src=\"http:\/\/ghislaine-faure.fr\/wp-content\/uploads\/2015\/09\/index.jpe\" alt=\"index\" width=\"256\" height=\"197\"><\/a>&nbsp; &nbsp; &nbsp; &nbsp; &nbsp; &nbsp; &nbsp;&nbsp;<\/span><\/strong><\/p>\n<p style=\"text-align: left;\"><strong><em><span style=\"text-decoration: underline;\"><span style=\"color: #008000; text-decoration: underline;\">PARCE QUE VOUS \u00caTES UN ETRE UNIQUE&#8230;<\/span><\/span><\/em><\/strong><\/p>\n<p><span style=\"color: #993300;\"><em>Nous choisirons d&#8217;un commun accord les outils qui vous seront n\u00e9cessaires afin d&#8217;aboutir \u00e0 une solution.&nbsp;<\/em><\/span><\/p>\n<p><span style=\"color: #993300;\"><em>Pour tous les probl\u00e8mes que vous rencontrez dans la vie quotidienne: addictions, d\u00e9prime, stress, angoisse, deuil, s\u00e9paration, douleurs, traumatismes, probl\u00e8me de poids, probl\u00e8mes de couple , tics tocs, nous travaillerons ensemble afin de les solutionner avec des m\u00e9thodes de soin naturelles que je vous proposerai et qui seront adapt\u00e9es \u00e0 la sp\u00e9cificit\u00e9 de chacun .<\/em><\/span><\/p>\n<ul>\n<li><em><a href=\"http:\/\/ghislaine-faure.fr\/?page_id=81\"><span style=\"color: #800080;\">Sophrologie<\/span><\/a><\/em><\/li>\n<li><span style=\"color: #800080;\"><em><a style=\"color: #800080;\" href=\"http:\/\/ghislaine-faure.fr\/?page_id=47\">hypnose<\/a><\/em><\/span><\/li>\n<li><span style=\"color: #800080;\"><a style=\"color: #800080;\" href=\"https:\/\/ghislaine-faure.fr\/?page_id=705\"><em>Constellations familiales<\/em><\/a><\/span><\/li>\n<li><span style=\"color: #800080;\"><em><a style=\"color: #800080;\" href=\"http:\/\/ghislaine-faure.fr\/?page_id=85\">soins \u00e9nerg\u00e9tiques<\/a><\/em><\/span><\/li>\n<li><span style=\"color: #800080;\"><em><a style=\"color: #800080;\" href=\"https:\/\/ghislaine-faure.fr\/?page_id=446\">soins par le toucher<\/a> (<a style=\"color: #800080;\" href=\"https:\/\/ghislaine-faure.fr\/?page_id=495\">Shiatsu,<\/a> <a style=\"color: #800080;\" href=\"https:\/\/ghislaine-faure.fr\/?page_id=516\">R\u00e9flexologie <\/a>)<\/em><\/span><\/li>\n<\/ul>\n\n\n<p><\/p>\n","protected":false},"excerpt":{"rendered":"<p>&nbsp; &nbsp; &nbsp; &nbsp; &nbsp; &nbsp; &nbsp;&nbsp; PARCE QUE VOUS \u00caTES UN ETRE UNIQUE&#8230; Nous choisirons d&#8217;un commun accord les outils qui vous seront n\u00e9cessaires afin d&#8217;aboutir \u00e0 une solution.&nbsp; [&hellip;]<\/p>\n","protected":false},"author":1,"featured_media":0,"parent":187,"menu_order":0,"comment_status":"closed","ping_status":"closed","template":"","meta":[],"_links":{"self":[{"href":"https:\/\/ghislaine-faure.fr\/index.php?rest_route=\/wp\/v2\/pages\/269"}],"collection":[{"href":"https:\/\/ghislaine-faure.fr\/index.php?rest_route=\/wp\/v2\/pages"}],"about":[{"href":"https:\/\/ghislaine-faure.fr\/index.php?rest_route=\/wp\/v2\/types\/page"}],"author":[{"embeddable":true,"href":"https:\/\/ghislaine-faure.fr\/index.php?rest_route=\/wp\/v2\/users\/1"}],"replies":[{"embeddable":true,"href":"https:\/\/ghislaine-faure.fr\/index.php?rest_route=%2Fwp%2Fv2%2Fcomments&post=269"}],"version-history":[{"count":19,"href":"https:\/\/ghislaine-faure.fr\/index.php?rest_route=\/wp\/v2\/pages\/269\/revisions"}],"predecessor-version":[{"id":1171,"href":"https:\/\/ghislaine-faure.fr\/index.php?rest_route=\/wp\/v2\/pages\/269\/revisions\/1171"}],"up":[{"embeddable":true,"href":"https:\/\/ghislaine-faure.fr\/index.php?rest_route=\/wp\/v2\/pages\/187"}],"wp:attachment":[{"href":"https:\/\/ghislaine-faure.fr\/index.php?rest_route=%2Fwp%2Fv2%2Fmedia&parent=269"}],"curies":[{"name":"wp","href":"https:\/\/api.w.org\/{rel}","templated":true}]}}