{"id":187,"date":"2015-09-15T13:16:50","date_gmt":"2015-09-15T13:16:50","guid":{"rendered":"http:\/\/ghislaine-faure.fr\/?page_id=187"},"modified":"2021-02-02T07:32:33","modified_gmt":"2021-02-02T07:32:33","slug":"mes-specialites","status":"publish","type":"page","link":"https:\/\/ghislaine-faure.fr\/?page_id=187","title":{"rendered":"Mes sp\u00e9cialit\u00e9s"},"content":{"rendered":"<p style=\"text-align: center;\"><span style=\"color: #0000ff;\">\u00a0<a href=\"http:\/\/ghislaine-faure.fr\/wp-content\/uploads\/2015\/09\/images.jpe\"><img loading=\"lazy\" class=\"size-full wp-image-289 alignnone\" src=\"http:\/\/ghislaine-faure.fr\/wp-content\/uploads\/2015\/09\/images.jpe\" alt=\"images\" width=\"259\" height=\"194\" \/><\/a><\/span><\/p>\n<p><strong><span style=\"color: #008000;\"><em>Offre sp\u00e9ciale ETUDIANT CMU RSA: s\u00e9ance 36 \u20ac hypnose ou sophrologie<\/em><\/span><\/strong><\/p>\n<p><span style=\"color: #993300;\"><em>Je vous invite \u00e0 cliquer sur les liens qui suivent afin d&#8217;avoir toutes les informations n\u00e9cessaires sur mes sp\u00e9cialit\u00e9s:<\/em><\/span><\/p>\n<ul>\n<li>\n<p><em><a href=\"http:\/\/ghislaine-faure.fr\/?page_id=36\"><span style=\"color: #800080;\">Arr\u00eater \u00a0de fumer en une s\u00e9ance<\/span><\/a><\/em><\/p>\n<\/li>\n<li>\n<p><span style=\"color: #800080;\"><em><a style=\"color: #800080;\" href=\"http:\/\/ghislaine-faure.fr\/?page_id=39\">Perdre du poids<\/a><\/em><\/span><\/p>\n<\/li>\n<li>\n<p><span style=\"color: #800080;\"><a style=\"color: #800080;\" href=\"https:\/\/ghislaine-faure.fr\/?page_id=269\"><em>probl\u00e8me de couple, de famille<\/em><\/a><\/span><\/p>\n<\/li>\n<li>\n<p><span style=\"color: #800080;\"><em><a style=\"color: #800080;\" href=\"http:\/\/ghislaine-faure.fr\/?page_id=77\"><span style=\"color: #993300;\">G\u00e9rer: <span style=\"color: #800080;\">vos \u00e9motions:<\/span><\/span> douleur, traumatismes, mal-\u00eatre quotidien, stress,\u00a0 angoisse, perte, deuil, s\u00e9paration &#8230;<\/a>\u00a0<\/em><\/span><\/p>\n<\/li>\n<li>\n<p><span style=\"color: #800080;\"><em><a style=\"color: #800080;\" href=\"http:\/\/ghislaine-faure.fr\/?page_id=77\"> se lib\u00e9rer de ses addictions, de ses tics et de ses tocs<\/a><\/em><\/span><\/p>\n<\/li>\n<li>\n<p><em><span style=\"color: #993300;\">Avec les<\/span> <span style=\"color: #800080;\"><a style=\"color: #800080;\" href=\"https:\/\/ghislaine-faure.fr\/?page_id=705\">constellations<\/a> familiales en cabinet,<\/span> <span style=\"color: #993300;\">et<\/span> <a href=\"https:\/\/ghislaine-faure.fr\/?page_id=580\"><span style=\"color: #800080;\">l&#8217;analyse transg\u00e9n\u00e9rationnelle<\/span><\/a> <span style=\"color: #993300;\">d\u00e9charger votre vie des \u00e9l\u00e9ments r\u00e9p\u00e9titifs se produisant dans votre vie, dans votre famille, comprendre et pacifier votre relation \u00e0 l&#8217;autre.<\/span><\/em><\/p>\n<\/li>\n<li>\n<p><em><span style=\"color: #993300;\">Avec<\/span> <span style=\"color: #800080;\">l&#8217;<a style=\"color: #800080;\" href=\"http:\/\/ghislaine-faure.fr\/?page_id=118\">Hypnose trans-g\u00e9n\u00e9rationnelle et holistique<\/a> , <\/span><span style=\"color: #993300;\">acc\u00e9derer \u00e0 certaines informations\u00a0 de votre vie et entrerez en contact avec vos guides spirituels, vos anges, vos d\u00e9funts&#8230;<\/span><\/em><\/p>\n<\/li>\n<\/ul>\n<ul>\n<li>\n<p><em><a href=\"http:\/\/ghislaine-faure.fr\/?page_id=77\"><span style=\"color: #800080;\">Vous pr\u00e9parer aux examens et aux entretiens d&#8217;embauche, \u00e0 la prise de parole en public &#8230;<\/span><\/a><\/em><\/p>\n<\/li>\n<\/ul>\n<div id=\"mailtorapidetoPopupModal\" style=\"z-index: 1;\">\n<div id=\"mailtorapidemailTo\">\u00a0<\/div>\n<\/div>\n\n\n<p><\/p>\n","protected":false},"excerpt":{"rendered":"<p>\u00a0 Offre sp\u00e9ciale ETUDIANT CMU RSA: s\u00e9ance 36 \u20ac hypnose ou sophrologie Je vous invite \u00e0 cliquer sur les liens qui suivent afin d&#8217;avoir toutes les informations n\u00e9cessaires sur mes [&hellip;]<\/p>\n","protected":false},"author":1,"featured_media":0,"parent":0,"menu_order":0,"comment_status":"closed","ping_status":"closed","template":"","meta":[],"_links":{"self":[{"href":"https:\/\/ghislaine-faure.fr\/index.php?rest_route=\/wp\/v2\/pages\/187"}],"collection":[{"href":"https:\/\/ghislaine-faure.fr\/index.php?rest_route=\/wp\/v2\/pages"}],"about":[{"href":"https:\/\/ghislaine-faure.fr\/index.php?rest_route=\/wp\/v2\/types\/page"}],"author":[{"embeddable":true,"href":"https:\/\/ghislaine-faure.fr\/index.php?rest_route=\/wp\/v2\/users\/1"}],"replies":[{"embeddable":true,"href":"https:\/\/ghislaine-faure.fr\/index.php?rest_route=%2Fwp%2Fv2%2Fcomments&post=187"}],"version-history":[{"count":31,"href":"https:\/\/ghislaine-faure.fr\/index.php?rest_route=\/wp\/v2\/pages\/187\/revisions"}],"predecessor-version":[{"id":1033,"href":"https:\/\/ghislaine-faure.fr\/index.php?rest_route=\/wp\/v2\/pages\/187\/revisions\/1033"}],"wp:attachment":[{"href":"https:\/\/ghislaine-faure.fr\/index.php?rest_route=%2Fwp%2Fv2%2Fmedia&parent=187"}],"curies":[{"name":"wp","href":"https:\/\/api.w.org\/{rel}","templated":true}]}}