{"id":18,"date":"2015-03-24T15:05:08","date_gmt":"2015-03-24T15:05:08","guid":{"rendered":"http:\/\/ghislaine-faure.fr\/?page_id=18"},"modified":"2021-03-31T17:13:53","modified_gmt":"2021-03-31T17:13:53","slug":"mon-parcours-personel","status":"publish","type":"page","link":"https:\/\/ghislaine-faure.fr\/?page_id=18","title":{"rendered":"Mon parcours personnel"},"content":{"rendered":"<p><span style=\"color: #0000ff;\"><a href=\"http:\/\/ghislaine-faure.fr\/wp-content\/uploads\/2015\/03\/20150903_1006191-e1442324237210.jpg\"><img loading=\"lazy\" class=\"alignleft wp-image-194 size-medium\" src=\"http:\/\/ghislaine-faure.fr\/wp-content\/uploads\/2015\/03\/20150903_1006191-e1442324093805-169x300.jpg\" alt=\"\" width=\"169\" height=\"300\" \/><\/a><\/span><\/p>\n<h2 style=\"text-align: left;\"><a href=\"https:\/\/www.facebook.com\/Ghislaine-Faure-Delomel-1448730495343812\/timeline\/\" target=\"_blank\" rel=\"noopener noreferrer\"><img loading=\"lazy\" class=\"size-full wp-image-299 alignright\" src=\"http:\/\/ghislaine-faure.fr\/wp-content\/uploads\/2015\/03\/fb-art-e1443166679795.jpg\" alt=\"fb-art\" width=\"60\" height=\"60\" \/><\/a><\/h2>\n<p><span style=\"color: #993300;\"><em>Apr\u00e8s un cursus universitaire \u00e0 PARIS 8 en psychologie je me suis aper\u00e7ue que des m\u00e9thodes de soins annexes obtenaient de tr\u00e8s bons r\u00e9sultats.<\/em><\/span><\/p>\n<p><span style=\"color: #008000;\"><em>Notre inconscient est \u00e0 80% aux manettes de notre vie.<\/em><\/span><\/p>\n<p><em><span style=\"color: #993300;\">Tout d&#8217;abord, je me suis form\u00e9e \u00e0 la <\/span><span style=\"color: #800080;\"><a style=\"color: #800080;\" href=\"http:\/\/ghislaine-faure.fr\/?page_id=81\">sophrologie<\/a>\u00a0<\/span><span style=\"color: #993300;\">et \u00e0 la psychanalyse ;\u00a0 puis \u00e0<\/span><span style=\"color: #800080;\"><a style=\"color: #800080;\" href=\"http:\/\/ghislaine-faure.fr\/?page_id=47\"> l&#8217;hypnose<\/a>\u00a0<\/span><span style=\"color: #993300;\"> , outil n\u00e9cessaire pour des cas bien sp\u00e9cifiques, en y annexant\u00a0<\/span><a href=\"http:\/\/ghislaine-faure.fr\/?page_id=85\"><span style=\"color: #800080;\"> l&#8217;EFT<\/span> (<\/a><span style=\"color: #993300;\">Emotionel Freedom Technic) lib\u00e9ration des<\/span> <span style=\"color: #993300;\">\u00e9motions et la<\/span><span style=\"color: #800080;\"><a style=\"color: #800080;\" href=\"http:\/\/ghislaine-faure.fr\/?page_id=85\"> Logosynth\u00e8se<\/a>.<\/span><\/em><\/p>\n<p><em><span style=\"color: #993300;\">Ces diff\u00e9rentes m\u00e9thodes \u00a0permettent\u00a0de\u00a0faire &#8220;sauter&#8221; plus facilement certains blocages \u00e9motionnels r\u00e9sistants. L&#8217;approche de la m\u00e9decine chinoise m&#8217;a permis de me former\u00a0\u00e0<\/span> <span style=\"color: #800080;\"><a style=\"color: #800080;\" href=\"http:\/\/ghislaine-faure.fr\/?page_id=85\">l&#8217;\u00e9nerg\u00e9tique<\/a><\/span>, <span style=\"color: #993300;\">la chromo-th\u00e9rapie et la litho-th\u00e9rapie .<\/span> \u00a0<span style=\"color: #993300;\">Et comme pour certains de vous le soin passe par le toucher;<\/span>\u00a0<span style=\"color: #993300;\"><span style=\"color: #800080;\"><a style=\"color: #800080;\" href=\"https:\/\/ghislaine-faure.fr\/?page_id=516\">la r\u00e9flexologie<\/a> <\/span>et<\/span> <span style=\"color: #993300;\">le<\/span> <span style=\"color: #800080;\"><a style=\"color: #800080;\" href=\"https:\/\/ghislaine-faure.fr\/?page_id=495\">Shiatsu<\/a><\/span>\u00a0<span style=\"color: #993300;\">me permettent de\u00a0r\u00e9pondre \u00e0 votre demande.<\/span><\/em><\/p>\n<p><span style=\"color: #008000;\"><em>C&#8217;est parce que VOUS\u00a0 \u00eates un Etre Unique, qu&#8217;il faut adapter une\u00a0m\u00e9thode de soin ad\u00e9quate \u00e0 votre personnalit\u00e9 et \u00e0 votre personne.<\/em><\/span><\/p>\n<p><span style=\"color: #993300;\"><em>Ce qui correspond \u00e0 l&#8217;un, ne correspond pas forc\u00e9ment \u00e0 l&#8217;autre et vis versa.\u00a0<\/em><\/span><\/p>\n<ul>\n<li><span style=\"color: #993300;\"><strong><em>Mon cursus:<\/em><\/strong><\/span><\/li>\n<\/ul>\n<p><em><span style=\"color: #800080;\">\u00a0Psychologie:\u00a0 <span style=\"color: #993300;\">L.3 Universit\u00e9 Paris 8<\/span><\/span><\/em><\/p>\n<p><span style=\"color: #800080;\"><em><span style=\"color: #008000;\"><a style=\"color: #008000;\" href=\"https:\/\/ghislaine-faure.fr\/?page_id=81\"><span style=\"color: #800080;\">Sophrologie<\/span><\/a><\/span><span style=\"color: #800080;\">: <\/span><span style=\"color: #993300;\">Ecole Philippe Vernois et D.U Facult\u00e9 de M\u00e9decine &#8211; Marseille<\/span><\/em><\/span><\/p>\n<p><span style=\"color: #800080;\"><em><a href=\"https:\/\/ghislaine-faure.fr\/?page_id=47\"><span style=\"color: #008000;\"><span style=\"color: #800080;\">Hypnose<\/span><\/span><\/a><span style=\"color: #800080;\">:<\/span> <span style=\"color: #993300;\">Ma\u00eetre praticien en hypnose \u00a0Institut Psynapse Paris<\/span><\/em><\/span><\/p>\n<p><span style=\"color: #800080;\"><em><a href=\"https:\/\/ghislaine-faure.fr\/?page_id=118\"><span style=\"color: #008000;\"><span style=\"color: #993300;\"><span style=\"color: #800080;\">Hypnose spirituelle<\/span><\/span><\/span><\/a><span style=\"color: #800080;\">:<\/span><span style=\"color: #993300;\"> Jean-Charles CHABOT Qu\u00e9bec\u00a0<\/span><\/em><\/span><\/p>\n<p><span style=\"color: #800080;\"><em><a href=\"https:\/\/ghislaine-faure.fr\/?page_id=85\"><span style=\"color: #993300;\">EFT et <\/span><\/a><span style=\"color: #800080;\"><a style=\"color: #800080;\" href=\"https:\/\/ghislaine-faure.fr\/?page_id=85\">Logosynth\u00e8se<\/a>:<\/span> <span style=\"color: #993300;\">ARCHE Paris et Institut IFPEC Lyon<\/span><\/em><\/span><\/p>\n<p><span style=\"color: #800080;\"><em><a href=\"https:\/\/ghislaine-faure.fr\/?page_id=516\"><span style=\"color: #008000;\"><span style=\"color: #800080;\">R\u00e9flexologie<\/span><\/span><\/a> et <span style=\"color: #800080;\"><a style=\"color: #800080;\" href=\"https:\/\/ghislaine-faure.fr\/?page_id=495\">Shiatsu:<\/a><\/span> <span style=\"color: #993300;\">Institut fran\u00e7ais de Shiatsu, \u00e9cole Michel Odoul Paris<\/span><\/em><\/span><\/p>\n<p><span style=\"color: #800080;\"><em>\u00a0<span style=\"color: #008000;\"><span style=\"color: #993300;\"><span style=\"color: #800080;\"><a style=\"color: #800080;\" href=\"https:\/\/ghislaine-faure.fr\/?page_id=580\">Psychanalyse<\/a> <\/span>\u00e0 IFPP Avignon<\/span><\/span><\/em><\/span><\/p>\n<p><span style=\"color: #800080;\"><em><a href=\"https:\/\/ghislaine-faure.fr\/?page_id=580\"><span style=\"color: #008000;\"><span style=\"color: #993366;\">Psycho <span style=\"color: #800080;\">g\u00e9n\u00e9alogie:<\/span><\/span><\/span><\/a> i<span style=\"color: #993300;\">nstitut Anaya Paris\u00a0<\/span><\/em><\/span><\/p>\n<p><em><span style=\"color: #800080;\">yoga sophro: <span style=\"color: #993300;\">Adeline Camus &#8221; billes de relaxation&#8221;<\/span><\/span><\/em><\/p>\n<p><span style=\"color: #800080;\"><em>Vinyasa Yoga:\u00a0 <span style=\"color: #993300;\">SSCS training\u00a0<\/span><\/em><\/span><\/p>\n<p><span style=\"color: #993300;\"><em><span style=\"color: #008000;\">PARCE QUE VOUS \u00caTES UNIQUE &#8230;&#8230;&#8230;&#8230;&#8230;.<\/span>.<\/em><\/span><\/p>\n\n\n<p><\/p>\n","protected":false},"excerpt":{"rendered":"<p>Apr\u00e8s un cursus universitaire \u00e0 PARIS 8 en psychologie je me suis aper\u00e7ue que des m\u00e9thodes de soins annexes obtenaient de tr\u00e8s bons r\u00e9sultats. Notre inconscient est \u00e0 80% aux [&hellip;]<\/p>\n","protected":false},"author":1,"featured_media":0,"parent":0,"menu_order":0,"comment_status":"closed","ping_status":"closed","template":"","meta":[],"_links":{"self":[{"href":"https:\/\/ghislaine-faure.fr\/index.php?rest_route=\/wp\/v2\/pages\/18"}],"collection":[{"href":"https:\/\/ghislaine-faure.fr\/index.php?rest_route=\/wp\/v2\/pages"}],"about":[{"href":"https:\/\/ghislaine-faure.fr\/index.php?rest_route=\/wp\/v2\/types\/page"}],"author":[{"embeddable":true,"href":"https:\/\/ghislaine-faure.fr\/index.php?rest_route=\/wp\/v2\/users\/1"}],"replies":[{"embeddable":true,"href":"https:\/\/ghislaine-faure.fr\/index.php?rest_route=%2Fwp%2Fv2%2Fcomments&post=18"}],"version-history":[{"count":37,"href":"https:\/\/ghislaine-faure.fr\/index.php?rest_route=\/wp\/v2\/pages\/18\/revisions"}],"predecessor-version":[{"id":1270,"href":"https:\/\/ghislaine-faure.fr\/index.php?rest_route=\/wp\/v2\/pages\/18\/revisions\/1270"}],"wp:attachment":[{"href":"https:\/\/ghislaine-faure.fr\/index.php?rest_route=%2Fwp%2Fv2%2Fmedia&parent=18"}],"curies":[{"name":"wp","href":"https:\/\/api.w.org\/{rel}","templated":true}]}}