{"id":17,"date":"2015-03-24T15:05:46","date_gmt":"2015-03-24T15:05:46","guid":{"rendered":"http:\/\/ghislaine-faure.fr\/?page_id=17"},"modified":"2025-10-20T19:24:30","modified_gmt":"2025-10-20T19:24:30","slug":"accueil","status":"publish","type":"page","link":"https:\/\/ghislaine-faure.fr\/","title":{"rendered":"Accueil"},"content":{"rendered":"\n<div class=\"wp-block-columns\">\n<div class=\"wp-block-column\" style=\"flex-basis:100%\"><\/div>\n<\/div>\n\n\n<h2 style=\"text-align: center;\"><a href=\"http:\/\/ghislaine-faure.fr\/wp-content\/uploads\/2015\/03\/20170429_175739-e1495185327126.jpg\"><img loading=\"lazy\" class=\"size-medium wp-image-560 alignleft\" src=\"http:\/\/ghislaine-faure.fr\/wp-content\/uploads\/2015\/03\/20170429_175739-e1495185327126-169x300.jpg\" alt=\"20170429_175739\" width=\"169\" height=\"300\" srcset=\"https:\/\/ghislaine-faure.fr\/wp-content\/uploads\/2015\/03\/20170429_175739-e1495185327126-169x300.jpg 169w, https:\/\/ghislaine-faure.fr\/wp-content\/uploads\/2015\/03\/20170429_175739-e1495185327126-576x1024.jpg 576w, https:\/\/ghislaine-faure.fr\/wp-content\/uploads\/2015\/03\/20170429_175739-e1495185327126-400x711.jpg 400w, https:\/\/ghislaine-faure.fr\/wp-content\/uploads\/2015\/03\/20170429_175739-e1495185327126.jpg 1080w\" sizes=\"(max-width: 169px) 100vw, 169px\" \/><\/a> \u00a0 \u00a0 \u00a0 <em><strong>Centre de soins<\/strong><\/em><\/h2>\n<h2 style=\"text-align: center;\"><em><strong>pluri disciplinaires\u00a0 <\/strong><\/em><\/h2>\n<h3 style=\"text-align: left;\"><strong><span style=\"color: #ff0000;\">\u00e9coute patients 7j\/7<\/span><\/strong><\/h3>\n<p><a href=\"https:\/\/www.instagram.com\/ghislaine_faure_delomel\/\" target=\"_blank\" rel=\"noopener noreferrer\">\u00a0 \u00a0<img loading=\"lazy\" class=\"alignnone wp-image-811 size-full\" src=\"http:\/\/ghislaine-faure.fr\/wp-content\/uploads\/2021\/01\/logo-Instagram.png\" alt=\"\" width=\"103\" height=\"29\" \/><\/a><\/p>\n<p><a href=\"https:\/\/www.instagram.com\/ghislaine_faure_delomel\/\" target=\"_blank\" rel=\"noopener noreferrer\">\u00a0<\/a><strong><em><a href=\"https:\/\/www.facebook.com\/profile.php?id=61567247031164\" target=\"_blank\" rel=\"noopener noreferrer\"><img loading=\"lazy\" class=\"size-full wp-image-299 alignleft\" src=\"http:\/\/ghislaine-faure.fr\/wp-content\/uploads\/2015\/03\/fb-art-e1443166679795.jpg\" alt=\"fb-art\" width=\"60\" height=\"60\" \/><\/a><\/em><\/strong><\/p>\n<p>\u00a0<\/p>\n<h4><span style=\"color: #0000ff;\">Offre sp\u00e9ciale \u00e9tudiants, b\u00e9n\u00e9ficiaires du RSA et de la CMU s\u00e9ance \u00e0 40 \u20ac<\/span><\/h4>\n<h3><a href=\"https:\/\/ghislaine-faure.fr\/?page_id=446\"><span style=\"color: #ff0000;\"><em><strong>Nouveau !<\/strong><\/em><\/span><\/a> <a href=\"https:\/\/ghislaine-faure.fr\/?page_id=446\"><span style=\"color: #ff0000;\"><em><strong>Nouveau !<\/strong><\/em><\/span><\/a> <a href=\"https:\/\/ghislaine-faure.fr\/?page_id=446\"><span style=\"color: #ff0000;\"><em><strong>Nouveau ! <\/strong><\/em><\/span><\/a><a href=\"https:\/\/ghislaine-faure.fr\/?page_id=446\"><span style=\"color: #ff0000;\"><em><strong>Nouveau ! <\/strong><\/em><\/span><\/a><\/h3>\n<ul>\n<li>\n<h4><span style=\"color: #ff0000;\"><em><strong>technique manuelle pour les douleurs\u00a0 musculo-squelettiques, Massage future maman et b\u00e9b\u00e9 et toute ma rubrique massages th\u00e9rapeutiques et bien-\u00eatre\u00a0<\/strong><\/em><\/span><\/h4>\n<\/li>\n<li>\n<h4><span style=\"color: #008000;\"><strong><em>Ma petite boutique en ligne: je vous propose des produits indiens et de la petite d\u00e9coration, des bijoux en pierre semi pr\u00e9cieuse. Cliquez sur le bouton ci-dessous pour y acc\u00e9der.<\/em><\/strong><\/span><\/h4>\n<\/li>\n<\/ul>\n\n\n<div class=\"wp-block-buttons\">\n<div class=\"wp-block-button is-style-fill\"><a class=\"wp-block-button__link has-white-color has-vivid-green-cyan-background-color has-text-color has-background\" href=\"https:\/\/ghislaine-faure.fr\/?page_id=1258\">E-boutique<\/a><\/div>\n<\/div>\n\n\n<h3 style=\"text-align: center;\"><span style=\"color: #008000;\"><em>\u2665<span style=\"color: #800080;\"><strong>Bonjour et Bienvenue sur mon site<\/strong><\/span> \u2665<\/em><\/span><\/h3>\n<p><span style=\"color: #993300;\"><em>MIEUX VIVRE EN VAUCLUSE&#8230;C&#8217;EST POSSIBLE&#8230;!!!!&#8230;.Alors\u00a0Respirez&#8230;.Vous \u00eates ici :<\/em><\/span><\/p>\n<p><span style=\"color: #993300;\"><em>\u00e9cout\u00e9, conseill\u00e9, \u00e9paul\u00e9 et assist\u00e9 afin de vous apprendre \u00e0 voir&#8230; la vie en rose et adopter la Zen attitude!\u00a0et <strong><span style=\"color: #993300;\">j&#8217;offre une \u00e9coute gratuite\u00a0\u00e0 mes patients 7j\/7<\/span><\/strong><\/em><\/span><\/p>\n<p><span style=\"color: #993300;\"><em>Et oui\u00a0 vous \u00eates au bon endroit pour avoir acc\u00e8s aux services d&#8217;aide et de &#8220;mieux-\u00eatre&#8221; que je vous propose \u00e0 Carpentras\u00a0 (Vaucluse) au pied du Mont Ventoux.<\/em><\/span><\/p>\n<p><span style=\"color: #993300;\"><em>Dans un endroit cocooning, dans l&#8217;ambiance de douce lumi\u00e8re d\u00e9vers\u00e9e par ma lampe de chromoth\u00e9rapie qui soutiendra mon travail durant toute la s\u00e9ance, je vais vous aider \u00e0 :<\/em><\/span><\/p>\n<ul>\n<li><span style=\"color: #000000;\"><em>\u00a0<span style=\"color: #800080;\">vous l<a style=\"color: #800080;\" href=\"http:\/\/ghislaine-faure.fr\/?page_id=77\">ib\u00e9rer de votre\u00a0stress,de vos angoisses et des traumatismes subis , g\u00e9rer vos \u00e9motions, vos peurs, vos douleurs et enfin c<\/a>omprendre pourquoi des situations r\u00e9p\u00e9titives polluent votre existence ou m\u00eame votre quotidien.<\/span><\/em><\/span><\/li>\n<li><span style=\"color: #800080;\"><em>\u00a0<a style=\"color: #800080;\" href=\"http:\/\/ghislaine-faure.fr\/?page_id=36\">stopper le tabac <\/a>et arr\u00eater d\u00e9finitivement de fumer<\/em><\/span><\/li>\n<li><span style=\"color: #800080;\"><em>\u00a0<a style=\"color: #800080;\" href=\"http:\/\/ghislaine-faure.fr\/?page_id=685\">perdre\u00a0du poids <\/a>sans restriction alimentaire, sans r\u00e9gime , juste en apprenant \u00e0 \u00e9couter votre corps en lib\u00e9rant votre mental .<\/em><\/span><\/li>\n<li><span style=\"color: #800080;\"><em><a style=\"color: #800080;\" href=\"http:\/\/ghislaine-faure.fr\/?page_id=77\">vous accompagner dans la maternit\u00e9,<\/a> \u00a0l&#8217;accouchement et dans l&#8217;accueil de \u00a0b\u00e9b\u00e9 en toute s\u00e9r\u00e9nit\u00e9<\/em><\/span><\/li>\n<li><span style=\"color: #800080;\"><em><a style=\"color: #800080;\" href=\"http:\/\/ghislaine-faure.fr\/?page_id=77\">vous pr\u00e9parer aux examens,<\/a> aux entretiens de toute nature, \u00e0 la prise de parole en public&#8230;<\/em><\/span><\/li>\n<li><span style=\"color: #800080;\"><em><a style=\"color: #800080;\" href=\"http:\/\/ghislaine-faure.fr\/?page_id=77\">vous aider si vous avez \u00e9t\u00e9 victime<\/a><\/em><\/span><\/li>\n<li><span style=\"color: #800080;\"><em><a style=\"color: #800080;\" href=\"https:\/\/ghislaine-faure.fr\/?page_id=705\">vous lib\u00e9rez du poids de votre saga familiale<\/a><\/em><\/span><\/li>\n<li><a href=\"https:\/\/ghislaine-faure.fr\/?page_id=446\"><span style=\"color: #800080;\"><em>Vous soulagez d&#8217;une douleur articulaire ou musculaire par une technique de manipulation douce\u00a0 et efficace<\/em><\/span><\/a><\/li>\n<li><em><span style=\"color: #800080;\">allergies<\/span><\/em><\/li>\n<li><em><span style=\"color: #800080;\">Vous lib\u00e9rez des tics et des tocs et des compulsions<\/span><\/em><\/li>\n<\/ul>\n<p><span style=\"color: #008000;\"><em>C&#8217;est parce que vous \u00eates un \u00catre Unique que je vous <span style=\"color: #993366;\">propose<\/span> des techniques adapt\u00e9es \u00e0 chacun de vous .<\/em><\/span><\/p>\n<p><span style=\"color: #993300;\"><em>Ce\u00a0qui correspond aux uns, ne correspond par forc\u00e9ment aux autres et en tant que th\u00e9rapeute consciencieux, nous \u00e9tablirons ensemble un protocole qui vous\u00a0sera sp\u00e9cifique. Nous sommes en th\u00e9rapies br\u00e8ves et les r\u00e9sultats sont surprenant d\u00e8s la premi\u00e8re s\u00e9ance.<\/em><\/span><\/p>\n<p><span style=\"color: #000000;\"><em><a style=\"color: #000000;\" title=\"ARR\u00caTER DE FUMER EN UNE SEANCE\" href=\"http:\/\/ghislaine-faure.fr\/?page_id=36\"><span style=\"color: #800080;\">ARR\u00caTER DE FUMER EN UNE SEANCE AVEC SUIVI GRATUIT SUR UN AN&#8230;. c&#8217;est ici !<\/span><\/a><\/em><\/span><\/p>\n<p><span style=\"color: #993300;\"><em><a style=\"color: #993300;\" title=\"PERTE DE POIDS ET ANNEAU GASTRIQUE HYPNOTIQUE\" href=\"http:\/\/ghislaine-faure.fr\/?page_id=685\"><span style=\"color: #800080;\">PERTE DE POIDS&#8230; sans r\u00e9gime! juste avec l&#8217;apprentissage de 4 r\u00e8gles d&#8217;or afin d&#8217;\u00eatre \u00e0\u00a0l&#8217;\u00e9coute de son corps. de ses besoins alimentaires..pas plus!&#8230;c&#8217;est ici !<\/span><\/a><\/em><\/span><\/p>\n<p><span style=\"color: #800080;\"><em>Le Mieux-aller\u00a0par le toucher; <a style=\"color: #800080;\" href=\"http:\/\/ghislaine-faure.fr\/?page_id=446\">c&#8217;est ici<\/a><\/em><\/span><\/p>\n<p><span style=\"color: #008000;\"><em>Nous prenons de plus en plus conscience que notre sant\u00e9 est pr\u00e9cieuse et que l&#8217; image que notre corps v\u00e9hicule\u00a0 est importante&#8230;<\/em><\/span><\/p>\n<p><span style=\"color: #993300;\"><em>Que ce soit dans notre vie sociale , familiale, dans notre recherche d&#8217;emploi, notre corps parle plus que nos paroles elles-m\u00eames&#8230; et le regard des autres est impartial et quelquefois impitoyable.<\/em><\/span><\/p>\n<p><span style=\"color: #993300;\"><em>Dans la soci\u00e9t\u00e9 actuelle, une silhouette svelte, sans kilo superflu, une haleine agr\u00e9able, des dents bien blanches, une allure d\u00e9contract\u00e9e mais d\u00e9termin\u00e9e \u00a0refl\u00e8tent une personnalit\u00e9 dynamique et lib\u00e9r\u00e9e.<\/em><\/span><\/p>\n<p><span style=\"color: #993300;\"><em>Je vous propose <span style=\"color: #800080;\">d&#8217;<a style=\"color: #800080;\" href=\"http:\/\/ghislaine-faure.fr\/?page_id=36\">arr\u00eater de fumer<\/a> <\/span>d\u00e9finitivement et tr\u00e8s\u00a0rapidement avec un suivi gratuit sur un an, <span style=\"color: #800080;\">de\u00a0<a style=\"color: #800080;\" href=\"http:\/\/ghislaine-faure.fr\/?page_id=685\">perdre vos kilos superflus<\/a> <\/span>avec des m\u00e9thodes simples et naturelles&#8230; pas de m\u00e9dicament, pas de substitut, pas de r\u00e9gime, juste en apprenant \u00e0 vous \u00e9couter,&#8230;<span style=\"color: #800080;\">\u00e0\u00a0<a style=\"color: #800080;\" href=\"http:\/\/ghislaine-faure.fr\/?page_id=85\">g\u00e9rer votre vie<\/a> <\/span>de tous les jours dans l&#8217;harmonie et la joie.<\/em><\/span><\/p>\n<p><span style=\"color: #800080;\"><em><span style=\"color: #008000;\">Je vous laisse aussi d\u00e9couvrir ces m\u00e9thodes naturelles sur les pages de ce site.<\/span><\/em><\/span><\/p>\n<p><span style=\"color: #993300;\"><em>BONNE VISITE &#8230;.<\/em><\/span><\/p>\n\n\n<div class=\"wp-block-image\"><figure class=\"aligncenter size-large\"><a href=\"https:\/\/ghislaine-faure.fr\/wp-content\/uploads\/2021\/01\/Texte-hypnotique-La-plume-blanche-450x450-1.jpg\"><img loading=\"lazy\" width=\"450\" height=\"281\" src=\"https:\/\/ghislaine-faure.fr\/wp-content\/uploads\/2021\/01\/Texte-hypnotique-La-plume-blanche-450x450-1-edited.jpg\" alt=\"\" class=\"wp-image-991\" srcset=\"https:\/\/ghislaine-faure.fr\/wp-content\/uploads\/2021\/01\/Texte-hypnotique-La-plume-blanche-450x450-1-edited.jpg 450w, https:\/\/ghislaine-faure.fr\/wp-content\/uploads\/2021\/01\/Texte-hypnotique-La-plume-blanche-450x450-1-edited-300x187.jpg 300w, https:\/\/ghislaine-faure.fr\/wp-content\/uploads\/2021\/01\/Texte-hypnotique-La-plume-blanche-450x450-1-edited-400x250.jpg 400w\" sizes=\"(max-width: 450px) 100vw, 450px\" \/><\/a><\/figure><\/div>\n\n\n\n<center>\n<!-- RESALIB BADGE -->\n    <script>(function(d, s, id) {\n    var js, fjs = d.getElementsByTagName(s)[0];\n    if (d.getElementById(id)) return;\n    js = d.createElement(s); js.id = id;\n    js.src = \"https:\/\/www.resalib.fr\/script\/18148\/badge.js\";\n    fjs.parentNode.insertBefore(js, fjs);\n    }(document, \"script\", \"resalib-sdk\"));\n    <\/script>\n    <div class=\"rlb-badge \">\n    <a target=\"_blank\" href=\"https:\/\/www.resalib.fr\/praticien\/18148-ghislaine-faure-sophrologue-carpentras\" rel=\"noopener\">Retrouvez Ghislaine Faure sur Resalib : annuaire, r\u00e9f\u00e9rencement et prise de rendez-vous pour les Sophrologues<\/a>\n    <\/div>\n    <!-- RESALIB BADGE -->\n<\/center>\n","protected":false},"excerpt":{"rendered":"<p>\u00a0 \u00a0 \u00a0 Centre de soins pluri disciplinaires\u00a0 \u00e9coute patients 7j\/7 \u00a0 \u00a0 \u00a0 \u00a0 Offre sp\u00e9ciale \u00e9tudiants, b\u00e9n\u00e9ficiaires du RSA et de la CMU s\u00e9ance \u00e0 40 \u20ac Nouveau [&hellip;]<\/p>\n","protected":false},"author":1,"featured_media":0,"parent":0,"menu_order":0,"comment_status":"closed","ping_status":"open","template":"","meta":[],"_links":{"self":[{"href":"https:\/\/ghislaine-faure.fr\/index.php?rest_route=\/wp\/v2\/pages\/17"}],"collection":[{"href":"https:\/\/ghislaine-faure.fr\/index.php?rest_route=\/wp\/v2\/pages"}],"about":[{"href":"https:\/\/ghislaine-faure.fr\/index.php?rest_route=\/wp\/v2\/types\/page"}],"author":[{"embeddable":true,"href":"https:\/\/ghislaine-faure.fr\/index.php?rest_route=\/wp\/v2\/users\/1"}],"replies":[{"embeddable":true,"href":"https:\/\/ghislaine-faure.fr\/index.php?rest_route=%2Fwp%2Fv2%2Fcomments&post=17"}],"version-history":[{"count":152,"href":"https:\/\/ghislaine-faure.fr\/index.php?rest_route=\/wp\/v2\/pages\/17\/revisions"}],"predecessor-version":[{"id":1306,"href":"https:\/\/ghislaine-faure.fr\/index.php?rest_route=\/wp\/v2\/pages\/17\/revisions\/1306"}],"wp:attachment":[{"href":"https:\/\/ghislaine-faure.fr\/index.php?rest_route=%2Fwp%2Fv2%2Fmedia&parent=17"}],"curies":[{"name":"wp","href":"https:\/\/api.w.org\/{rel}","templated":true}]}}