{"id":1258,"date":"2025-04-28T13:17:36","date_gmt":"2025-04-28T13:17:36","guid":{"rendered":"https:\/\/ghislaine-faure.fr\/?page_id=1258"},"modified":"2025-04-28T13:19:24","modified_gmt":"2025-04-28T13:19:24","slug":"e-boutique","status":"publish","type":"page","link":"https:\/\/ghislaine-faure.fr\/?page_id=1258","title":{"rendered":"E-boutique"},"content":{"rendered":"\n<div class=\"wp-block-media-text alignwide is-stacked-on-mobile\" style=\"grid-template-columns:43% auto\"><figure class=\"wp-block-media-text__media\"><img loading=\"lazy\" width=\"928\" height=\"624\" src=\"https:\/\/ghislaine-faure.fr\/wp-content\/uploads\/2025\/04\/CleanShot-2025-04-28-at-15.15.47@2x.png\" alt=\"\" class=\"wp-image-1259 size-full\" srcset=\"https:\/\/ghislaine-faure.fr\/wp-content\/uploads\/2025\/04\/CleanShot-2025-04-28-at-15.15.47@2x.png 928w, https:\/\/ghislaine-faure.fr\/wp-content\/uploads\/2025\/04\/CleanShot-2025-04-28-at-15.15.47@2x-300x202.png 300w, https:\/\/ghislaine-faure.fr\/wp-content\/uploads\/2025\/04\/CleanShot-2025-04-28-at-15.15.47@2x-768x516.png 768w, https:\/\/ghislaine-faure.fr\/wp-content\/uploads\/2025\/04\/CleanShot-2025-04-28-at-15.15.47@2x-400x269.png 400w\" sizes=\"(max-width: 928px) 100vw, 928px\" \/><\/figure><div class=\"wp-block-media-text__content\">\n<blockquote class=\"wp-block-quote\"><p>Je commercialise des articles indiens , des bijoux en pierre semi pr\u00e9cieuse au profit de mon Association Regards qui reverse les b\u00e9n\u00e9fices r\u00e9alis\u00e9s \u00e0 une association indienne &#8220;Grace association&#8221; qui vient en aide aux plus d\u00e9munis, \u00e0 des petites orphelines, aux femmes d&#8217;un petit village: Sarenga situ\u00e9 \u00e0 80 kms de Calcutta dans le west Bengal.<\/p><cite>Ghislaine Faure<\/cite><\/blockquote>\n<\/div><\/div>\n\n\n\n<div style=\"height:37px\" aria-hidden=\"true\" class=\"wp-block-spacer\"><\/div>\n\n\n\n<script>\nwindow.kalendes = {\n            host:\"autreregardghislainefaure\",\n            buttons:{\n                buy:0,\n                reserve:0,\n                gift:0,\n                buyReserve:0\n            },\n            displayMode:'SIMPLE2',\n            pageAtStart:'buy'\n        }\n<\/script>\n<script src=\"https:\/\/wwww.kalendes.com\/site\/scripts\/widget.js\" type=\"text\/javascript\"><\/script>\n<div id=\"kalendes-widget-container\"><\/div>\n","protected":false},"excerpt":{"rendered":"<p>Je commercialise des articles indiens , des bijoux en pierre semi pr\u00e9cieuse au profit de mon Association Regards qui reverse les b\u00e9n\u00e9fices r\u00e9alis\u00e9s \u00e0 une association indienne &#8220;Grace association&#8221; qui [&hellip;]<\/p>\n","protected":false},"author":1,"featured_media":0,"parent":0,"menu_order":0,"comment_status":"closed","ping_status":"closed","template":"","meta":[],"_links":{"self":[{"href":"https:\/\/ghislaine-faure.fr\/index.php?rest_route=\/wp\/v2\/pages\/1258"}],"collection":[{"href":"https:\/\/ghislaine-faure.fr\/index.php?rest_route=\/wp\/v2\/pages"}],"about":[{"href":"https:\/\/ghislaine-faure.fr\/index.php?rest_route=\/wp\/v2\/types\/page"}],"author":[{"embeddable":true,"href":"https:\/\/ghislaine-faure.fr\/index.php?rest_route=\/wp\/v2\/users\/1"}],"replies":[{"embeddable":true,"href":"https:\/\/ghislaine-faure.fr\/index.php?rest_route=%2Fwp%2Fv2%2Fcomments&post=1258"}],"version-history":[{"count":4,"href":"https:\/\/ghislaine-faure.fr\/index.php?rest_route=\/wp\/v2\/pages\/1258\/revisions"}],"predecessor-version":[{"id":1264,"href":"https:\/\/ghislaine-faure.fr\/index.php?rest_route=\/wp\/v2\/pages\/1258\/revisions\/1264"}],"wp:attachment":[{"href":"https:\/\/ghislaine-faure.fr\/index.php?rest_route=%2Fwp%2Fv2%2Fmedia&parent=1258"}],"curies":[{"name":"wp","href":"https:\/\/api.w.org\/{rel}","templated":true}]}}