{"id":118,"date":"2015-08-04T12:35:02","date_gmt":"2015-08-04T12:35:02","guid":{"rendered":"http:\/\/ghislaine-faure.fr\/?page_id=118"},"modified":"2021-02-02T07:39:31","modified_gmt":"2021-02-02T07:39:31","slug":"hypnose-spirituelle","status":"publish","type":"page","link":"https:\/\/ghislaine-faure.fr\/?page_id=118","title":{"rendered":"Hypnose Trans g\u00e9n\u00e9rationnelle et holistique"},"content":{"rendered":"<p><a href=\"http:\/\/ghislaine-faure.fr\/wp-content\/uploads\/2015\/07\/FB_IMG_14420742077731.jpg\"><img loading=\"lazy\" class=\"size-medium wp-image-214 aligncenter\" src=\"http:\/\/ghislaine-faure.fr\/wp-content\/uploads\/2015\/07\/FB_IMG_14420742077731-300x254.jpg\" alt=\"FB_IMG_1442074207773[1]\" width=\"300\" height=\"254\" srcset=\"https:\/\/ghislaine-faure.fr\/wp-content\/uploads\/2015\/07\/FB_IMG_14420742077731-300x254.jpg 300w, https:\/\/ghislaine-faure.fr\/wp-content\/uploads\/2015\/07\/FB_IMG_14420742077731-400x338.jpg 400w, https:\/\/ghislaine-faure.fr\/wp-content\/uploads\/2015\/07\/FB_IMG_14420742077731.jpg 552w\" sizes=\"(max-width: 300px) 100vw, 300px\" \/><\/a><\/p>\n<p><span style=\"color: #993300;\"><em>Cette m\u00e9thode d&#8217;hypnose vous permet de remonter dans vos vies ant\u00e9rieures, de vous mettre en relation avec le pass\u00e9 de votre filiation et travailler ainsi sur les m\u00e9moires g\u00e9n\u00e9tiques de vos cellules. On acc\u00e8de ainsi aux m\u00e9moires trans g\u00e9n\u00e9rationnelles qui se perp\u00e9tuent et nous allons venir laver et solutionner les situations r\u00e9currentes qui se perp\u00e9tuent de g\u00e9n\u00e9ration en g\u00e9n\u00e9ration ( divorces, maladies, pertes,\u00a0 &#8230;) .<\/em><\/span><\/p>\n<p><span style=\"color: #800080;\"><em>Pour les personnes qui ne d\u00e9sirent pas travailler en hypnose, nous pourrons faire le m\u00eame travail en relaxation ou avec les constellations familiales .<\/em><\/span><\/p>\n<p><span style=\"color: #993300;\"><em>Nous pourrons dresser ensemble un\u00a0g\u00e9nogramme ou g\u00e9nosociogramme (partie de votre arbre g\u00e9n\u00e9alogique) qui vous permettra de solutionner la probl\u00e9matique familiale.<\/em><\/span><\/p>\n<p><span style=\"color: #008000;\"><em>Sur certaines s\u00e9ances vous pourrez entrer \u00e9galement en communication avec:<\/em><\/span><\/p>\n<ul>\n<li><span style=\"color: #800080;\"><em> &#8220;votre Moi profond&#8221; ou votre &#8220;Ange Gardien&#8221; selon les croyances de chacun et mieux comprendre certains comportements\u00a0<\/em><\/span><\/li>\n<li><em><span style=\"color: #800080;\">avec &#8220;certaines m\u00e9moires du pass\u00e9\u00a0&#8221;\u00a0 \u00a0qui vous permettront de vous\u00a0aider \u00e0 construire votre futur plus sereineme<\/span>nt<\/em><\/li>\n<\/ul>\n<p><span style=\"color: #993300;\"><em>Dur\u00e9e de la s\u00e9ance:\u00a0entre\u00a02h00 et\u00a02h30 en hypnose ou\u00a01h30 en constellations familiales<\/em><\/span><\/p>\n","protected":false},"excerpt":{"rendered":"<p>Cette m\u00e9thode d&#8217;hypnose vous permet de remonter dans vos vies ant\u00e9rieures, de vous mettre en relation avec le pass\u00e9 de votre filiation et travailler ainsi sur les m\u00e9moires g\u00e9n\u00e9tiques de [&hellip;]<\/p>\n","protected":false},"author":1,"featured_media":0,"parent":187,"menu_order":0,"comment_status":"closed","ping_status":"open","template":"","meta":[],"_links":{"self":[{"href":"https:\/\/ghislaine-faure.fr\/index.php?rest_route=\/wp\/v2\/pages\/118"}],"collection":[{"href":"https:\/\/ghislaine-faure.fr\/index.php?rest_route=\/wp\/v2\/pages"}],"about":[{"href":"https:\/\/ghislaine-faure.fr\/index.php?rest_route=\/wp\/v2\/types\/page"}],"author":[{"embeddable":true,"href":"https:\/\/ghislaine-faure.fr\/index.php?rest_route=\/wp\/v2\/users\/1"}],"replies":[{"embeddable":true,"href":"https:\/\/ghislaine-faure.fr\/index.php?rest_route=%2Fwp%2Fv2%2Fcomments&post=118"}],"version-history":[{"count":23,"href":"https:\/\/ghislaine-faure.fr\/index.php?rest_route=\/wp\/v2\/pages\/118\/revisions"}],"predecessor-version":[{"id":1036,"href":"https:\/\/ghislaine-faure.fr\/index.php?rest_route=\/wp\/v2\/pages\/118\/revisions\/1036"}],"up":[{"embeddable":true,"href":"https:\/\/ghislaine-faure.fr\/index.php?rest_route=\/wp\/v2\/pages\/187"}],"wp:attachment":[{"href":"https:\/\/ghislaine-faure.fr\/index.php?rest_route=%2Fwp%2Fv2%2Fmedia&parent=118"}],"curies":[{"name":"wp","href":"https:\/\/api.w.org\/{rel}","templated":true}]}}